{"id":1021,"date":"2017-07-13T11:23:02","date_gmt":"2017-07-13T11:23:02","guid":{"rendered":"http:\/\/aytocastillodelocubin.org\/?page_id=1021"},"modified":"2017-10-13T08:37:12","modified_gmt":"2017-10-13T08:37:12","slug":"asociaciones-y-demas-colectivos","status":"publish","type":"page","link":"https:\/\/aytocastillodelocubin.org\/?page_id=1021","title":{"rendered":"Asociaciones y dem\u00e1s colectivos"},"content":{"rendered":"<h6>Asociaci\u00f3n de mujeres Encina Hermosa<\/h6>\n<h6>Asociaci\u00f3n de amas de casa La Villeta<\/h6>\n<h6>Asociaci\u00f3n espa\u00f1ola de lucha contra el c\u00e1ncer de Castillo de Locub\u00edn<\/h6>\n<h6>Asociaci\u00f3n cultural Castillo Comp\u00e1s<\/h6>\n<h6>Asociaci\u00f3n juvenil Locub\u00edn Emprende<\/h6>\n<h6>Asociaci\u00f3n de mujeres El Carrizal<\/h6>\n<h6>Asociaci\u00f3n cultural Coral Encina Hermosa<\/h6>\n<h6>Club deportivo Ciclocubin<\/h6>\n<h6>Club deportivo de Silvestrismo Castillero<\/h6>\n<h6>Coro rociero Marisma y Sierra<\/h6>\n<h6>Club de pesca Locub\u00edn<\/h6>\n<h6>Coto de caza Ciudad Hermosa<\/h6>\n<h6>Coto de caza Sierra San Pedro<\/h6>\n<h6>A.M. Castillo de las \u00c1guilas<\/h6>\n<h6>A.M. El Perd\u00f3n<\/h6>\n<h6>Asociaci\u00f3n de Estudios Culturales<\/h6>\n<h6>Asociaci\u00f3n deportiva Veteranos de Castillo<\/h6>\n<p>&nbsp;<\/p>\n<p>&nbsp;<\/p>\n","protected":false},"excerpt":{"rendered":"<p>Asociaci\u00f3n de mujeres Encina Hermosa Asociaci\u00f3n de amas de casa La Villeta Asociaci\u00f3n espa\u00f1ola de lucha contra el c\u00e1ncer de Castillo de Locub\u00edn Asociaci\u00f3n cultural Castillo Comp\u00e1s Asociaci\u00f3n juvenil Locub\u00edn Emprende Asociaci\u00f3n de mujeres El Carrizal Asociaci\u00f3n cultural Coral Encina Hermosa Club deportivo Ciclocubin Club deportivo de Silvestrismo Castillero Coro rociero Marisma y Sierra Club [&hellip;]<\/p>\n","protected":false},"author":1,"featured_media":1612,"parent":0,"menu_order":0,"comment_status":"closed","ping_status":"closed","template":"","meta":{"footnotes":""},"_links":{"self":[{"href":"https:\/\/aytocastillodelocubin.org\/index.php?rest_route=\/wp\/v2\/pages\/1021"}],"collection":[{"href":"https:\/\/aytocastillodelocubin.org\/index.php?rest_route=\/wp\/v2\/pages"}],"about":[{"href":"https:\/\/aytocastillodelocubin.org\/index.php?rest_route=\/wp\/v2\/types\/page"}],"author":[{"embeddable":true,"href":"https:\/\/aytocastillodelocubin.org\/index.php?rest_route=\/wp\/v2\/users\/1"}],"replies":[{"embeddable":true,"href":"https:\/\/aytocastillodelocubin.org\/index.php?rest_route=%2Fwp%2Fv2%2Fcomments&post=1021"}],"version-history":[{"count":5,"href":"https:\/\/aytocastillodelocubin.org\/index.php?rest_route=\/wp\/v2\/pages\/1021\/revisions"}],"predecessor-version":[{"id":2131,"href":"https:\/\/aytocastillodelocubin.org\/index.php?rest_route=\/wp\/v2\/pages\/1021\/revisions\/2131"}],"wp:featuredmedia":[{"embeddable":true,"href":"https:\/\/aytocastillodelocubin.org\/index.php?rest_route=\/wp\/v2\/media\/1612"}],"wp:attachment":[{"href":"https:\/\/aytocastillodelocubin.org\/index.php?rest_route=%2Fwp%2Fv2%2Fmedia&parent=1021"}],"curies":[{"name":"wp","href":"https:\/\/api.w.org\/{rel}","templated":true}]}}