{"id":11632,"date":"2023-10-24T09:42:10","date_gmt":"2023-10-24T09:42:10","guid":{"rendered":"http:\/\/aytocastillodelocubin.org\/?page_id=11632"},"modified":"2023-10-24T11:41:01","modified_gmt":"2023-10-24T11:41:01","slug":"aviso-legal-2","status":"publish","type":"page","link":"https:\/\/aytocastillodelocubin.org\/?page_id=11632","title":{"rendered":"AVISO LEGAL"},"content":{"rendered":"<p style=\"text-align: justify;\"><strong>AVISO LEGAL<\/strong><\/p>\n<p style=\"text-align: justify;\">El presente aviso legal (en adelante, el \u00abAviso Legal\u00bb) regula el uso de la web del Ayuntamiento Castillo de Locubin con CIF P2302600H, con domicilio social en c\/ Blas Infante, 19, 23670 Castillo de Locub\u00edn (Ja\u00e9n); Direcci\u00f3n de correo electr\u00f3nico info@aytocastillodelocubin.org, tel\u00e9fono de contacto 953590027, con n\u00famero de Registro de Entidades Locales: 01230269.<\/p>\n<p style=\"text-align: justify;\"><strong>Legislaci\u00f3n<\/strong><\/p>\n<p style=\"text-align: justify;\">Asimismo, la utilizaci\u00f3n de la Web se encuentra sometida igualmente a todos los avisos, reglamentos de uso e instrucciones, puestos en conocimiento del Usuario por que sustituyen, completan y\/o modifican el presente Aviso Legal.<br \/>\nCon car\u00e1cter general las relaciones entre el Ayuntamiento Castillo de Locubina con los Usuarios de sus servicios telem\u00e1ticos, presentes en la Web, se encuentran sometidas a la legislaci\u00f3n y jurisdicci\u00f3n espa\u00f1olas.<br \/>\nPara cualquier cuesti\u00f3n litigiosa ambas partes, Ayuntamiento Castillo de Locubin, con renuncia expresa a cualquier otro fuero que pudiera corresponderles, se someten a la jurisdicci\u00f3n y competencia exclusiva de los Juzgados y Tribunales de Espa\u00f1a.<br \/>\nTambi\u00e9n podr\u00e1n someter sus conflictos al arbitraje de consumo, mediante la adhesi\u00f3n de aqu\u00e9llas al Sistema Arbitral de Consumo competente que se prestar\u00e1 tambi\u00e9n por medios electr\u00f3nicos, conforme al procedimiento establecido reglamentariamente.<br \/>\nAyuntamiento Castillo de Locubin se reserva el derecho de efectuar sin previo aviso las modificaciones que considere oportunas en su Web, pudiendo cambiar, suprimir o a\u00f1adir tanto los contenidos y servicios que se presten a trav\u00e9s de la misma como la forma en la que \u00e9stos aparezcan presentados o localizados en sus servidores.<\/p>\n<p style=\"text-align: justify;\"><strong>Propiedad intelectual e industrial<\/strong><\/p>\n<p style=\"text-align: justify;\">Todos los contenidos del sitio web del Ayuntamiento Castillo de Locubin (incluyendo, sin car\u00e1cter limitativo, bases de datos, im\u00e1genes y fotograf\u00edas, dibujos, gr\u00e1ficos y archivos de texto) son propiedad de Ayuntamiento o de los proveedores de contenidos, habiendo sido, en este \u00faltimo caso, objeto de licencia o cesi\u00f3n por parte de los mismos, y est\u00e1n protegidos por las normas nacionales o internacionales de propiedad intelectual. La recopilaci\u00f3n, dise\u00f1o, ordenaci\u00f3n y montaje de todo el contenido del sitio Web es propiedad exclusiva del Ayuntamiento Castillo de Locubin y se encuentra protegida por las normas nacionales e internacionales de propiedad industrial e intelectual.<br \/>\nLas marcas, r\u00f3tulos, signos distintivos o logos del sitio web son titularidad del Ayuntamiento Castillo de Locubin y est\u00e1n protegidos por los correspondientes derechos de propiedad intelectual e industrial.<br \/>\nLos textos, datos y dibujos gr\u00e1ficos son propiedad del Ayuntamiento Castillo de Locubin o de las entidades proveedoras de informaci\u00f3n, no pudiendo ser objeto de ulterior modificaci\u00f3n, copia, transformaci\u00f3n, alteraci\u00f3n, reproducci\u00f3n, adaptaci\u00f3n o traducci\u00f3n por parte de terceros, sin la expresa autorizaci\u00f3n por parte del titular de dicho contenido. La puesta a disposici\u00f3n de los textos, datos y dibujos gr\u00e1ficos no implica, en ning\u00fan caso, la cesi\u00f3n de su titularidad o la concesi\u00f3n de un derecho de explotaci\u00f3n, reproducci\u00f3n, difusi\u00f3n, transformaci\u00f3n, distribuci\u00f3n, o transmisi\u00f3n a su favor, distinto del derecho de uso que comporta la utilizaci\u00f3n leg\u00edtima de la web.<\/p>\n<p style=\"text-align: justify;\"><strong>Contenido de la web y enlaces (links)<\/strong><\/p>\n<p style=\"text-align: justify;\">Ayuntamiento Castillo de Locubin no se responsabiliza del mal uso que se realice de los contenidos de sus p\u00e1ginas Web, siendo exclusiva responsabilidad de la persona que accede a ellos o los utilice.<br \/>\nLos titulares de otros sitios Web que deseen crear un hiperv\u00ednculo a, se comprometen a no establecer enlaces a sitios Web en los que no aparezca el logotipo del Ayuntamiento Castillo de Locubin y a no realizar manifestaciones falsas, inexactas o incorrectas, que puedan inducir a error o, en general, que sean contrarias a las leyes.<br \/>\nLos titulares de otros sitios Web que deseen crear un hiperv\u00ednculo a la web se comprometen, asimismo, a no establecer hiperv\u00ednculos con sitios Web que contengan contenidos, manifestaciones o propaganda de \u00edndole racista, xen\u00f3foba, pornogr\u00e1fica, de apolog\u00eda del terrorismo y, en general, puedan perjudicar de cualquier modo el buen nombre o la imagen de Ayuntamiento Castillo de Locubin.<br \/>\nLa inclusi\u00f3n de hiperv\u00ednculos en sitios webs no implica necesariamente que el Ayuntamiento Castillo de Locubin mantenga relaciones con el titular del sitio Web en la que se establezca el enlace.<br \/>\nLa presencia de hiperv\u00ednculos en las webs tiene una finalidad meramente informativa, motivo por el cual, Ayuntamiento Castillo de Locubin no se responsabiliza ni otorga garant\u00eda de ninguna naturaleza, ni expresa ni impl\u00edcita respecto a la comerciabilidad, idoneidad, calidad, caracter\u00edsticas, procedencia, comercializaci\u00f3n o cualquier otro aspecto de las informaciones, productos y\/o servicios.<br \/>\nLa exenci\u00f3n de responsabilidad establecida en los apartados anteriores no operar\u00e1 en el supuesto de que el proveedor de contenidos al que se enlace o cuya localizaci\u00f3n se facilite act\u00fae bajo la direcci\u00f3n, autoridad o control del prestador que facilite la localizaci\u00f3n de esos contenidos.<\/p>\n<p style=\"text-align: justify;\"><strong>Manifestaciones<\/strong><\/p>\n<p style=\"text-align: justify;\">Ayuntamiento Castillo de Locubin manifiesta que este sitio Web dispone de la tecnolog\u00eda adecuada para permitir el acceso y utilizaci\u00f3n del mismo. No obstante, no se responsabiliza por la eventual existencia de virus u otros elementos nocivos, introducidos por cualquier medio o por cualquier tercero, que puedan producir alteraciones en sus sistemas inform\u00e1ticos.<br \/>\nEl sitio web podr\u00eda contener inexactitudes, omisiones relevantes, imprecisiones o erratas. El Ayuntamiento Castillo de Locubin no garantiza, en ning\u00fan caso, la veracidad, exactitud y actualidad de los datos contenidos en su sitio Web. El usuario que accede a la web exonera al Ayuntamiento Castillo de Locubin de cualquier responsabilidad en relaci\u00f3n a la fiabilidad, utilidad o falsas expectativas que este sitio Web pudiera producirle.<\/p>\n<p style=\"text-align: justify;\"><strong>Limitaci\u00f3n de responsabilidad<\/strong><\/p>\n<p style=\"text-align: justify;\">El Ayuntamiento Castillo de Locubin no ofrece garant\u00edas de ninguna clase en cuanto al funcionamiento de los sitios webs o a la informaci\u00f3n contenida en el mismo. Ayuntamiento Castillo de Locubin no ser\u00e1 responsable de los da\u00f1os o perjuicios, de cualquier \u00edndole, que puedan derivarse del uso del sitio web.<br \/>\nEl Ayuntamiento Castillo de Locubin excluye toda responsabilidad por la licitud, contenido y calidad de los datos e informaciones ofrecidos por terceras entidades a trav\u00e9s del sitio web.<\/p>\n","protected":false},"excerpt":{"rendered":"<p>AVISO LEGAL El presente aviso legal (en adelante, el \u00abAviso Legal\u00bb) regula el uso de la web del Ayuntamiento Castillo de Locubin con CIF P2302600H, con domicilio social en c\/ Blas Infante, 19, 23670 Castillo de Locub\u00edn (Ja\u00e9n); Direcci\u00f3n de correo electr\u00f3nico info@aytocastillodelocubin.org, tel\u00e9fono de contacto 953590027, con n\u00famero de Registro de Entidades Locales: 01230269. [&hellip;]<\/p>\n","protected":false},"author":5,"featured_media":0,"parent":0,"menu_order":0,"comment_status":"closed","ping_status":"closed","template":"","meta":{"footnotes":""},"_links":{"self":[{"href":"https:\/\/aytocastillodelocubin.org\/index.php?rest_route=\/wp\/v2\/pages\/11632"}],"collection":[{"href":"https:\/\/aytocastillodelocubin.org\/index.php?rest_route=\/wp\/v2\/pages"}],"about":[{"href":"https:\/\/aytocastillodelocubin.org\/index.php?rest_route=\/wp\/v2\/types\/page"}],"author":[{"embeddable":true,"href":"https:\/\/aytocastillodelocubin.org\/index.php?rest_route=\/wp\/v2\/users\/5"}],"replies":[{"embeddable":true,"href":"https:\/\/aytocastillodelocubin.org\/index.php?rest_route=%2Fwp%2Fv2%2Fcomments&post=11632"}],"version-history":[{"count":3,"href":"https:\/\/aytocastillodelocubin.org\/index.php?rest_route=\/wp\/v2\/pages\/11632\/revisions"}],"predecessor-version":[{"id":11647,"href":"https:\/\/aytocastillodelocubin.org\/index.php?rest_route=\/wp\/v2\/pages\/11632\/revisions\/11647"}],"wp:attachment":[{"href":"https:\/\/aytocastillodelocubin.org\/index.php?rest_route=%2Fwp%2Fv2%2Fmedia&parent=11632"}],"curies":[{"name":"wp","href":"https:\/\/api.w.org\/{rel}","templated":true}]}}