{"id":1303,"date":"2017-08-03T08:25:08","date_gmt":"2017-08-03T08:25:08","guid":{"rendered":"http:\/\/aytocastillodelocubin.org\/?page_id=1303"},"modified":"2017-09-19T10:56:33","modified_gmt":"2017-09-19T10:56:33","slug":"ruta-a-pie-al-nacimiento-del-rio","status":"publish","type":"page","link":"https:\/\/aytocastillodelocubin.org\/?page_id=1303","title":{"rendered":"Ruta a pie al Nacimiento del R\u00edo"},"content":{"rendered":"<p class=\"mg-sm text-justify\" align=\"justify\">Partiendo del parque nos adentramos en el casco urbano siguiendo varias calles como Cant\u00f3n Alto, Pascual Leyva, Avda. Virgen de la Cabeza hasta llegar a Calle San Ant\u00f3n. Antes de abandonar el pueblo se podr\u00e1 hacer u un alto en la ermita del santo. Siguiendo el camino del cementerio, llegaremos al camino de las Quebradas, olivos, coscojares y encinas y otras especias mediterr\u00e1neas escoltan la ruta, desde estos parajes se pueden observar formaciones rocosas tan bellas como los Tajos de la Nava. Se comienza a descender hasta el arroyo de Guadalcot\u00f3n por el camino Haza Vela y despu\u00e9s por el camino del Vadillo se llegar\u00e1 al Nacimiento del R\u00edo San Juan.<\/p>\n","protected":false},"excerpt":{"rendered":"<p>Partiendo del parque nos adentramos en el casco urbano siguiendo varias calles como Cant\u00f3n Alto, Pascual Leyva, Avda. Virgen de la Cabeza hasta llegar a Calle San Ant\u00f3n. Antes de abandonar el pueblo se podr\u00e1 hacer u un alto en la ermita del santo. Siguiendo el camino del cementerio, llegaremos al camino de las Quebradas, [&hellip;]<\/p>\n","protected":false},"author":1,"featured_media":1637,"parent":0,"menu_order":0,"comment_status":"closed","ping_status":"closed","template":"","meta":{"footnotes":""},"_links":{"self":[{"href":"https:\/\/aytocastillodelocubin.org\/index.php?rest_route=\/wp\/v2\/pages\/1303"}],"collection":[{"href":"https:\/\/aytocastillodelocubin.org\/index.php?rest_route=\/wp\/v2\/pages"}],"about":[{"href":"https:\/\/aytocastillodelocubin.org\/index.php?rest_route=\/wp\/v2\/types\/page"}],"author":[{"embeddable":true,"href":"https:\/\/aytocastillodelocubin.org\/index.php?rest_route=\/wp\/v2\/users\/1"}],"replies":[{"embeddable":true,"href":"https:\/\/aytocastillodelocubin.org\/index.php?rest_route=%2Fwp%2Fv2%2Fcomments&post=1303"}],"version-history":[{"count":4,"href":"https:\/\/aytocastillodelocubin.org\/index.php?rest_route=\/wp\/v2\/pages\/1303\/revisions"}],"predecessor-version":[{"id":1638,"href":"https:\/\/aytocastillodelocubin.org\/index.php?rest_route=\/wp\/v2\/pages\/1303\/revisions\/1638"}],"wp:featuredmedia":[{"embeddable":true,"href":"https:\/\/aytocastillodelocubin.org\/index.php?rest_route=\/wp\/v2\/media\/1637"}],"wp:attachment":[{"href":"https:\/\/aytocastillodelocubin.org\/index.php?rest_route=%2Fwp%2Fv2%2Fmedia&parent=1303"}],"curies":[{"name":"wp","href":"https:\/\/api.w.org\/{rel}","templated":true}]}}