{"id":133,"date":"2017-05-18T10:03:07","date_gmt":"2017-05-18T10:03:07","guid":{"rendered":"http:\/\/aytocastillodelocubin.org\/?page_id=133"},"modified":"2024-10-21T11:17:07","modified_gmt":"2024-10-21T11:17:07","slug":"portal-de-transparencia","status":"publish","type":"page","link":"https:\/\/aytocastillodelocubin.org\/?page_id=133","title":{"rendered":"Portal de Transparencia"},"content":{"rendered":"<table style=\"height: 200px;\" width=\"1091\">\n<tbody>\n<tr>\n<th style=\"text-align: center;\"><a href=\" https:\/\/aytocastillodelocubin.org\/?page_id=8460\"><img loading=\"lazy\" decoding=\"async\" class=\"wp-image-620 aligncenter\" src=\"https:\/\/aytocastillodelocubin.org\/wp-content\/uploads\/2021\/06\/logo_anuncios.png\" alt=\"\" width=\"127\" height=\"84\" \/><\/a><\/th>\n<th style=\"text-align: center;\"><a href=\"https:\/\/aytocastillodelocubin.org\/?page_id=6761\"><img loading=\"lazy\" decoding=\"async\" class=\"wp-image-624 aligncenter\" src=\"https:\/\/aytocastillodelocubin.org\/wp-content\/uploads\/2020\/11\/convenios.png\" alt=\"\" width=\"127\" height=\"84\" \/><\/a><\/th>\n<th style=\"text-align: center;\"><a href=\"https:\/\/aytocastillodelocubin.org\/?page_id=17\"><img loading=\"lazy\" decoding=\"async\" class=\"wp-image-618 aligncenter\" src=\"https:\/\/aytocastillodelocubin.org\/wp-content\/uploads\/2017\/06\/corporaci\u00f3n-municipal.png\" alt=\"\" width=\"127\" height=\"84\" \/><\/a><\/th>\n<th style=\"text-align: center;\"><a href=\" https:\/\/aytocastillodelocubin.org\/?page_id=12749\"><img loading=\"lazy\" decoding=\"async\" class=\"wp-image-622 aligncenter\" src=\"https:\/\/aytocastillodelocubin.org\/wp-content\/uploads\/2024\/10\/contrato.png\" alt=\"\" width=\"127\" height=\"84\" \/><\/a><\/th>\n<th style=\"text-align: center;\"><a href=\"https:\/\/aytocastillodelocubin.org\/?page_id=516\"><img loading=\"lazy\" decoding=\"async\" class=\"wp-image-622 aligncenter\" src=\"https:\/\/aytocastillodelocubin.org\/wp-content\/uploads\/2017\/06\/juridica.png\" alt=\"\" width=\"127\" height=\"84\" \/><\/a><\/th>\n<\/tr>\n<tr>\n<th style=\"text-align: center;\"><a href=\"https:\/\/aytocastillodelocubin.org\/?page_id=8460\" target=\"_blank\" rel=\"noopener noreferrer\">\u00a0Anuncios<\/a><\/th>\n<th style=\"text-align: center;\"><a href=\"https:\/\/aytocastillodelocubin.org\/?page_id=6761\" target=\"_blank\" rel=\"noopener noreferrer\">Convenios<\/a><\/th>\n<th style=\"text-align: center;\"><a href=\"https:\/\/aytocastillodelocubin.org\/?page_id=17\" target=\"_blank\" rel=\"noopener noreferrer\">Corporaci\u00f3n municipal<\/a><\/th>\n<th style=\"text-align: center;\"><a href=\"https:\/\/aytocastillodelocubin.org\/?page_id=12749\" target=\"_blank\" rel=\"noopener noreferrer\">\u00a0Contrataci\u00f3n<\/a><\/th>\n<th style=\"text-align: center;\"><a href=\"https:\/\/aytocastillodelocubin.org\/?page_id=516\" target=\"_blank\" rel=\"noopener noreferrer\">\u00a0Documentos jur\u00eddicos<\/a><\/th>\n<\/tr>\n<\/tbody>\n<\/table>\n<p>&nbsp;<\/p>\n<table style=\"height: 200px;\" width=\"1091\">\n<tbody>\n<tr>\n<th style=\"text-align: center;\"><a href=\"https:\/\/aytocastillodelocubin.org\/?page_id=525\"><img loading=\"lazy\" decoding=\"async\" class=\"wp-image-619 aligncenter\" src=\"https:\/\/aytocastillodelocubin.org\/wp-content\/uploads\/2017\/06\/empleados-p\u00fablicos.png\" alt=\"\" width=\"127\" height=\"84\" \/><\/a><\/th>\n<th style=\"text-align: center;\"><a href=\"https:\/\/aytocastillodelocubin.org\/?page_id=522\"><img loading=\"lazy\" decoding=\"async\" class=\"wp-image-620 aligncenter\" src=\"https:\/\/aytocastillodelocubin.org\/wp-content\/uploads\/2017\/06\/financiera.png\" alt=\"\" width=\"127\" height=\"84\" \/><\/a><\/th>\n<th style=\"text-align: center;\"><a href=\"https:\/\/aytocastillodelocubin.org\/?page_id=528\"><img loading=\"lazy\" decoding=\"async\" class=\"wp-image-624 aligncenter\" src=\"https:\/\/aytocastillodelocubin.org\/wp-content\/uploads\/2017\/06\/urbanistica.png\" alt=\"\" width=\"127\" height=\"84\" \/><\/a><\/th>\n<th><a href=\"https:\/\/aytocastillodelocubin.org\/?page_id=510\"><img loading=\"lazy\" decoding=\"async\" class=\"wp-image-621 aligncenter\" src=\"https:\/\/aytocastillodelocubin.org\/wp-content\/uploads\/2017\/06\/organizaci\u00f3n.png\" alt=\"\" width=\"127\" height=\"84\" \/><\/a><\/th>\n<\/tr>\n<tr>\n<th style=\"text-align: center;\"><a href=\"https:\/\/aytocastillodelocubin.org\/?page_id=525\" target=\"_blank\" rel=\"noopener noreferrer\">\u00a0Empleo<\/a><\/th>\n<th style=\"text-align: center;\"><a href=\"https:\/\/aytocastillodelocubin.org\/?page_id=522\" target=\"_blank\" rel=\"noopener noreferrer\">\u00a0Informaci\u00f3n econ\u00f3mica y financiera<\/a><\/th>\n<th style=\"text-align: center;\"><a href=\"https:\/\/aytocastillodelocubin.org\/?page_id=528\" target=\"_blank\" rel=\"noopener noreferrer\">\u00a0Normativa urban\u00edstica<\/a><\/th>\n<th style=\"text-align: center;\"><a href=\"https:\/\/aytocastillodelocubin.org\/?page_id=510\" target=\"_blank\" rel=\"noopener noreferrer\">Organizaci\u00f3n<\/a><\/th>\n<\/tr>\n<\/tbody>\n<\/table>\n<p>&nbsp;<\/p>\n<table style=\"height: 200px;\" width=\"1091\">\n<tbody>\n<tr>\n<th style=\"text-align: center;\"><a href=\" https:\/\/aytocastillodelocubin.org\/?page_id=11832\"><img loading=\"lazy\" decoding=\"async\" class=\"wp-image-623 aligncenter\" src=\"https:\/\/aytocastillodelocubin.org\/wp-content\/uploads\/2023\/12\/PlanAntifraude.png\" alt=\"\" width=\"127\" height=\"84\" \/><\/a><\/th>\n<th style=\"text-align: center;\"><a href=\"https:\/\/aytocastillodelocubin.org\/?page_id=11942\" target=\"_blank\" rel=\"noopener\"><img loading=\"lazy\" decoding=\"async\" class=\"wp-image-11941 size-full aligncenter\" src=\"https:\/\/aytocastillodelocubin.org\/wp-content\/uploads\/2024\/02\/Logo_ProcedimientoExposicionPublica.png\" alt=\"\" width=\"127\" height=\"84\" \/><\/a><\/th>\n<th style=\"text-align: center;\"><a href=\"https:\/\/aytocastillodelocubin.org\/?page_id=519\"><img loading=\"lazy\" decoding=\"async\" class=\"wp-image-623 aligncenter\" src=\"https:\/\/aytocastillodelocubin.org\/wp-content\/uploads\/2017\/06\/sesiones-plenarias.png\" alt=\"\" width=\"127\" height=\"84\" \/><\/a><\/th>\n<th style=\"text-align: center;\"><a href=\"https:\/\/aytocastillodelocubin.org\/?page_id=5590\"><img loading=\"lazy\" decoding=\"async\" class=\"wp-image-619 aligncenter\" src=\"https:\/\/aytocastillodelocubin.org\/wp-content\/uploads\/2018\/04\/comercio.jpg\" alt=\"\" width=\"127\" height=\"84\" \/><\/a><\/th>\n<\/tr>\n<tr>\n<th style=\"text-align: center;\"><a href=\"https:\/\/aytocastillodelocubin.org\/?page_id=11832\" target=\"_blank\" rel=\"noopener noreferrer\">Plan AntiFraude<\/a><\/th>\n<th style=\"text-align: center;\"><a href=\"https:\/\/aytocastillodelocubin.org\/?page_id=11942\" target=\"_blank\" rel=\"noopener noreferrer\">Procedimientos en Exposici\u00f3n P\u00fablica<\/a><\/th>\n<th style=\"text-align: center;\"><a href=\"https:\/\/aytocastillodelocubin.org\/?page_id=519\" target=\"_blank\" rel=\"noopener noreferrer\">Sesiones de Pleno y Junta de Gobierno<\/a><\/th>\n<th style=\"text-align: center;\"><a href=\"https:\/\/aytocastillodelocubin.org\/?page_id=5590\" target=\"_blank\" rel=\"noopener noreferrer\">Subvenciones<\/a><\/th>\n<\/tr>\n<\/tbody>\n<\/table>\n<p>&nbsp;<\/p>\n","protected":false},"excerpt":{"rendered":"<p>\u00a0Anuncios Convenios Corporaci\u00f3n municipal \u00a0Contrataci\u00f3n \u00a0Documentos jur\u00eddicos &nbsp; \u00a0Empleo \u00a0Informaci\u00f3n econ\u00f3mica y financiera \u00a0Normativa urban\u00edstica Organizaci\u00f3n &nbsp; Plan AntiFraude Procedimientos en Exposici\u00f3n P\u00fablica Sesiones de Pleno y Junta de Gobierno Subvenciones &nbsp;<\/p>\n","protected":false},"author":1,"featured_media":683,"parent":0,"menu_order":0,"comment_status":"closed","ping_status":"closed","template":"","meta":{"footnotes":""},"_links":{"self":[{"href":"https:\/\/aytocastillodelocubin.org\/index.php?rest_route=\/wp\/v2\/pages\/133"}],"collection":[{"href":"https:\/\/aytocastillodelocubin.org\/index.php?rest_route=\/wp\/v2\/pages"}],"about":[{"href":"https:\/\/aytocastillodelocubin.org\/index.php?rest_route=\/wp\/v2\/types\/page"}],"author":[{"embeddable":true,"href":"https:\/\/aytocastillodelocubin.org\/index.php?rest_route=\/wp\/v2\/users\/1"}],"replies":[{"embeddable":true,"href":"https:\/\/aytocastillodelocubin.org\/index.php?rest_route=%2Fwp%2Fv2%2Fcomments&post=133"}],"version-history":[{"count":44,"href":"https:\/\/aytocastillodelocubin.org\/index.php?rest_route=\/wp\/v2\/pages\/133\/revisions"}],"predecessor-version":[{"id":6756,"href":"https:\/\/aytocastillodelocubin.org\/index.php?rest_route=\/wp\/v2\/pages\/133\/revisions\/6756"}],"wp:featuredmedia":[{"embeddable":true,"href":"https:\/\/aytocastillodelocubin.org\/index.php?rest_route=\/wp\/v2\/media\/683"}],"wp:attachment":[{"href":"https:\/\/aytocastillodelocubin.org\/index.php?rest_route=%2Fwp%2Fv2%2Fmedia&parent=133"}],"curies":[{"name":"wp","href":"https:\/\/api.w.org\/{rel}","templated":true}]}}