{"id":174,"date":"2017-05-19T09:51:26","date_gmt":"2017-05-19T09:51:26","guid":{"rendered":"http:\/\/aytocastillodelocubin.org\/?page_id=174"},"modified":"2019-02-01T10:47:36","modified_gmt":"2019-02-01T10:47:36","slug":"telefonos-de-interes","status":"publish","type":"page","link":"https:\/\/aytocastillodelocubin.org\/?page_id=174","title":{"rendered":"Tel\u00e9fonos de inter\u00e9s"},"content":{"rendered":"<p>&nbsp;<\/p>\n<table style=\"height: 1200px;\">\n<tbody>\n<tr style=\"height: 60px;\">\n<td style=\"height: 60px; width: 65.6px;\"><img loading=\"lazy\" decoding=\"async\" width=\"24\" height=\"24\" class=\"size-full wp-image-190 aligncenter\" src=\"https:\/\/aytocastillodelocubin.org\/wp-content\/uploads\/2017\/05\/ayuntamiento-1.png\" \/><\/td>\n<td style=\"height: 60px; width: 473.6px; text-align: center;\">Ayuntamiento de Castillo de Locub\u00edn<\/td>\n<td style=\"height: 60px; width: 280px; text-align: center;\">953 591 364<\/td>\n<\/tr>\n<tr style=\"height: 60px;\">\n<td style=\"height: 60px; width: 65.6px;\"><img loading=\"lazy\" decoding=\"async\" width=\"24\" height=\"24\" class=\"size-full wp-image-190 aligncenter\" src=\"https:\/\/aytocastillodelocubin.org\/wp-content\/uploads\/2017\/05\/ayuntamiento-1.png\" \/><\/td>\n<td style=\"height: 60px; width: 473.6px; text-align: center;\">Ayuntamiento de Ventas del Carrizal<\/td>\n<td style=\"height: 60px; width: 280px; text-align: center;\">953 590 019<\/td>\n<\/tr>\n<tr style=\"height: 60px;\">\n<td style=\"height: 60px; width: 65.6px;\"><img loading=\"lazy\" decoding=\"async\" class=\"size-full wp-image-198 aligncenter\" src=\"https:\/\/aytocastillodelocubin.org\/wp-content\/uploads\/2017\/05\/policia.png\" alt=\"\" width=\"24\" height=\"24\" \/><\/td>\n<td style=\"height: 60px; width: 473.6px; text-align: center;\">Guardia Civil<\/td>\n<td style=\"height: 60px; width: 280px; text-align: center;\">953 591 306<\/td>\n<\/tr>\n<tr style=\"height: 60px;\">\n<td style=\"height: 60px; width: 65.6px;\"><img loading=\"lazy\" decoding=\"async\" class=\"size-full wp-image-198 aligncenter\" src=\"https:\/\/aytocastillodelocubin.org\/wp-content\/uploads\/2017\/05\/policia.png\" alt=\"\" width=\"24\" height=\"24\" \/><\/td>\n<td style=\"height: 60px; width: 473.6px; text-align: center;\">Polic\u00eda Local<\/td>\n<td style=\"height: 60px; width: 280px; text-align: center;\">677 488 417<\/td>\n<\/tr>\n<tr style=\"height: 60px;\">\n<td style=\"height: 60px; width: 65.6px;\"><img loading=\"lazy\" decoding=\"async\" class=\"size-full wp-image-312 aligncenter\" src=\"https:\/\/aytocastillodelocubin.org\/wp-content\/uploads\/2017\/05\/hidrante.png\" alt=\"\" width=\"24\" height=\"24\" \/><\/td>\n<td style=\"height: 60px; width: 473.6px; text-align: center;\">Bomberos<\/td>\n<td style=\"height: 60px; width: 280px; text-align: center;\">953 585 338<\/td>\n<\/tr>\n<tr style=\"height: 60px;\">\n<td style=\"height: 60px; width: 65.6px;\"><img loading=\"lazy\" decoding=\"async\" width=\"24\" height=\"24\" class=\"size-full wp-image-190 aligncenter\" src=\"https:\/\/aytocastillodelocubin.org\/wp-content\/uploads\/2017\/05\/ayuntamiento-1.png\" \/><\/td>\n<td style=\"height: 60px; width: 473.6px; text-align: center;\">Juzgado de Paz<\/td>\n<td style=\"height: 60px; width: 280px; text-align: center;\">953 590 311<\/td>\n<\/tr>\n<tr style=\"height: 60px;\">\n<td style=\"height: 60px; width: 65.6px;\"><img loading=\"lazy\" decoding=\"async\" class=\"size-full wp-image-196 aligncenter\" src=\"https:\/\/aytocastillodelocubin.org\/wp-content\/uploads\/2017\/05\/cuidado-de-la-salud.png\" alt=\"\" width=\"24\" height=\"24\" \/><\/td>\n<td style=\"height: 60px; width: 473.6px; text-align: center;\">Consultorio M\u00e9dico de Castillo de Locub\u00edn<\/td>\n<td style=\"height: 60px; width: 280px; text-align: center;\">953 599 565\/6<\/td>\n<\/tr>\n<tr style=\"height: 60px;\">\n<td style=\"height: 60px; width: 65.6px;\"><img loading=\"lazy\" decoding=\"async\" class=\"size-full wp-image-196 aligncenter\" src=\"https:\/\/aytocastillodelocubin.org\/wp-content\/uploads\/2017\/05\/cuidado-de-la-salud.png\" alt=\"\" width=\"24\" height=\"24\" \/><\/td>\n<td style=\"height: 60px; width: 473.6px; text-align: center;\">Consultorio M\u00e9dico de Ventas del Carrizal<\/td>\n<td style=\"height: 60px; width: 280px; text-align: center;\">953 702 107<\/td>\n<\/tr>\n<tr style=\"height: 60px;\">\n<td style=\"height: 60px; width: 65.6px;\"><img loading=\"lazy\" decoding=\"async\" class=\"aligncenter\" src=\"https:\/\/aytocastillodelocubin.org\/wp-content\/uploads\/2017\/05\/graduacion-de-la-universidad.png\" alt=\"\" width=\"24\" height=\"24\" \/><\/td>\n<td style=\"height: 60px; width: 473.6px; text-align: center;\">Colegio de Educaci\u00f3n Infantil y Primaria Miguel Hern\u00e1ndez<\/td>\n<td style=\"height: 60px; width: 280px; text-align: center;\">953 599 554<\/td>\n<\/tr>\n<tr style=\"height: 60px;\">\n<td style=\"height: 60px; width: 65.6px;\"><img loading=\"lazy\" decoding=\"async\" class=\"aligncenter\" src=\"https:\/\/aytocastillodelocubin.org\/wp-content\/uploads\/2017\/05\/graduacion-de-la-universidad.png\" alt=\"\" width=\"24\" height=\"24\" \/><\/td>\n<td style=\"height: 60px; width: 473.6px; text-align: center;\">Instituto de Educaci\u00f3n Secundaria Pablo Rueda<\/td>\n<td style=\"height: 60px; width: 280px; text-align: center;\">953 599 922<\/td>\n<\/tr>\n<tr style=\"height: 60px;\">\n<td style=\"height: 60px; width: 65.6px;\"><img loading=\"lazy\" decoding=\"async\" class=\"aligncenter\" src=\"https:\/\/aytocastillodelocubin.org\/wp-content\/uploads\/2017\/05\/graduacion-de-la-universidad.png\" alt=\"\" width=\"24\" height=\"24\" \/><\/td>\n<td style=\"height: 60px; width: 473.6px; text-align: center;\">Colegio P\u00fablico Rural Valle de San Juan (Ventas del Carrizal)<\/td>\n<td style=\"height: 60px; width: 280px; text-align: center;\">953 599 623<\/td>\n<\/tr>\n<tr style=\"height: 60px;\">\n<td style=\"height: 60px; width: 65.6px;\"><img loading=\"lazy\" decoding=\"async\" class=\"size-full wp-image-202 aligncenter\" src=\"https:\/\/aytocastillodelocubin.org\/wp-content\/uploads\/2017\/05\/grupo-de-libros-de-salon.png\" alt=\"\" width=\"24\" height=\"24\" \/><\/td>\n<td style=\"height: 60px; width: 473.6px; text-align: center;\">Biblioteca<\/td>\n<td style=\"height: 60px; width: 280px; text-align: center;\">953 590 560<\/td>\n<\/tr>\n<tr style=\"height: 60px;\">\n<td style=\"height: 60px; width: 65.6px;\"><img loading=\"lazy\" decoding=\"async\" class=\"size-full wp-image-204 aligncenter\" src=\"https:\/\/aytocastillodelocubin.org\/wp-content\/uploads\/2017\/05\/ordenador-pc-con-monitor.png\" alt=\"\" width=\"24\" height=\"24\" \/><\/td>\n<td style=\"height: 60px; width: 473.6px; text-align: center;\">Centro Guadalinfo<\/td>\n<td style=\"height: 60px; width: 280px; text-align: center;\">953 590 027<\/td>\n<\/tr>\n<tr style=\"height: 60px;\">\n<td style=\"height: 60px; width: 65.6px;\"><img loading=\"lazy\" decoding=\"async\" class=\"size-full wp-image-209 aligncenter\" src=\"https:\/\/aytocastillodelocubin.org\/wp-content\/uploads\/2017\/05\/pareja-mayor.png\" alt=\"\" width=\"24\" height=\"24\" \/><\/td>\n<td style=\"height: 60px; width: 473.6px; text-align: center;\">Residencia Municipal \u00abNuestro Padre Jes\u00fas\u00bb y Unidad de Estancia Diurna \u00abLa Amistad\u00bb<\/td>\n<td style=\"height: 60px; width: 280px; text-align: center;\">953 590 228<\/td>\n<\/tr>\n<tr style=\"height: 60px;\">\n<td style=\"height: 60px; width: 65.6px;\"><img loading=\"lazy\" decoding=\"async\" class=\"size-full wp-image-197 aligncenter\" src=\"https:\/\/aytocastillodelocubin.org\/wp-content\/uploads\/2017\/05\/pastilla-y-pildora.png\" alt=\"\" width=\"24\" height=\"24\" \/><\/td>\n<td style=\"height: 60px; width: 473.6px; text-align: center;\">Farmacia \u00d3ptica Carmen Ana \u00c1lvarez Ferr\u00e1ndez<\/td>\n<td style=\"height: 60px; width: 280px; text-align: center;\">953 591 386<\/td>\n<\/tr>\n<tr style=\"height: 60px;\">\n<td style=\"height: 60px; width: 65.6px;\"><img loading=\"lazy\" decoding=\"async\" class=\"size-full wp-image-197 aligncenter\" src=\"https:\/\/aytocastillodelocubin.org\/wp-content\/uploads\/2017\/05\/pastilla-y-pildora.png\" alt=\"\" width=\"24\" height=\"24\" \/><\/td>\n<td style=\"height: 60px; width: 473.6px; text-align: center;\">Farmacia Mar\u00eda Adela de Andr\u00e9s G\u00e1mez<\/td>\n<td style=\"height: 60px; width: 280px; text-align: center;\">953 591 129<\/td>\n<\/tr>\n<tr style=\"height: 60px;\">\n<td style=\"height: 60px; width: 65.6px;\"><img loading=\"lazy\" decoding=\"async\" class=\"size-full wp-image-197 aligncenter\" src=\"https:\/\/aytocastillodelocubin.org\/wp-content\/uploads\/2017\/05\/pastilla-y-pildora.png\" alt=\"\" width=\"24\" height=\"24\" \/><\/td>\n<td style=\"height: 60px; width: 473.6px; text-align: center;\">Farmacia Raquel Tutau S\u00e1nchez<\/td>\n<td style=\"height: 60px; width: 280px; text-align: center;\">953 590 085<\/td>\n<\/tr>\n<tr style=\"height: 60px;\">\n<td style=\"height: 60px; width: 65.6px;\"><img loading=\"lazy\" decoding=\"async\" class=\"size-full wp-image-197 aligncenter\" src=\"https:\/\/aytocastillodelocubin.org\/wp-content\/uploads\/2017\/05\/pastilla-y-pildora.png\" alt=\"\" width=\"24\" height=\"24\" \/><\/td>\n<td style=\"height: 60px; width: 473.6px; text-align: center;\">Farmacia Juan Manuel Pampano Rivero (Ventas del Carrizal)<\/td>\n<td style=\"height: 60px; width: 280px; text-align: center;\">953 595 107<\/td>\n<\/tr>\n<tr style=\"height: 60px;\">\n<td style=\"height: 60px; width: 65.6px;\"><img loading=\"lazy\" decoding=\"async\" class=\"size-full wp-image-216 aligncenter\" src=\"https:\/\/aytocastillodelocubin.org\/wp-content\/uploads\/2017\/05\/idea-con-bombilla.png\" alt=\"\" width=\"24\" height=\"24\" \/><\/td>\n<td style=\"height: 60px; width: 473.6px; text-align: center;\">Centro de Apoyo al Desarrollo Empresarial (CADE)<\/td>\n<td style=\"height: 60px; width: 280px; text-align: center;\">953 102 019<\/td>\n<\/tr>\n<tr style=\"height: 60px;\">\n<td style=\"height: 60px; width: 65.6px;\"><img loading=\"lazy\" decoding=\"async\" class=\"size-full wp-image-203 aligncenter\" src=\"https:\/\/aytocastillodelocubin.org\/wp-content\/uploads\/2017\/05\/imprimir-email.png\" alt=\"\" width=\"24\" height=\"24\" \/><\/td>\n<td style=\"height: 60px; width: 473.6px; text-align: center;\">Oficina de Correos<\/td>\n<td style=\"height: 60px; width: 280px; text-align: center;\">953 590 309<\/td>\n<\/tr>\n<\/tbody>\n<\/table>\n<p>&nbsp;<\/p>\n","protected":false},"excerpt":{"rendered":"<p>&nbsp; Ayuntamiento de Castillo de Locub\u00edn 953 591 364 Ayuntamiento de Ventas del Carrizal 953 590 019 Guardia Civil 953 591 306 Polic\u00eda Local 677 488 417 Bomberos 953 585 338 Juzgado de Paz 953 590 311 Consultorio M\u00e9dico de Castillo de Locub\u00edn 953 599 565\/6 Consultorio M\u00e9dico de Ventas del Carrizal 953 702 107 [&hellip;]<\/p>\n","protected":false},"author":1,"featured_media":1616,"parent":0,"menu_order":0,"comment_status":"closed","ping_status":"closed","template":"","meta":{"footnotes":""},"_links":{"self":[{"href":"https:\/\/aytocastillodelocubin.org\/index.php?rest_route=\/wp\/v2\/pages\/174"}],"collection":[{"href":"https:\/\/aytocastillodelocubin.org\/index.php?rest_route=\/wp\/v2\/pages"}],"about":[{"href":"https:\/\/aytocastillodelocubin.org\/index.php?rest_route=\/wp\/v2\/types\/page"}],"author":[{"embeddable":true,"href":"https:\/\/aytocastillodelocubin.org\/index.php?rest_route=\/wp\/v2\/users\/1"}],"replies":[{"embeddable":true,"href":"https:\/\/aytocastillodelocubin.org\/index.php?rest_route=%2Fwp%2Fv2%2Fcomments&post=174"}],"version-history":[{"count":59,"href":"https:\/\/aytocastillodelocubin.org\/index.php?rest_route=\/wp\/v2\/pages\/174\/revisions"}],"predecessor-version":[{"id":4982,"href":"https:\/\/aytocastillodelocubin.org\/index.php?rest_route=\/wp\/v2\/pages\/174\/revisions\/4982"}],"wp:featuredmedia":[{"embeddable":true,"href":"https:\/\/aytocastillodelocubin.org\/index.php?rest_route=\/wp\/v2\/media\/1616"}],"wp:attachment":[{"href":"https:\/\/aytocastillodelocubin.org\/index.php?rest_route=%2Fwp%2Fv2%2Fmedia&parent=174"}],"curies":[{"name":"wp","href":"https:\/\/api.w.org\/{rel}","templated":true}]}}