{"id":2056,"date":"2017-10-10T11:35:04","date_gmt":"2017-10-10T11:35:04","guid":{"rendered":"http:\/\/aytocastillodelocubin.org\/?page_id=2056"},"modified":"2020-04-07T08:18:03","modified_gmt":"2020-04-07T08:18:03","slug":"semana-santa","status":"publish","type":"page","link":"https:\/\/aytocastillodelocubin.org\/?page_id=2056","title":{"rendered":"Semana Santa"},"content":{"rendered":"<table style=\"border-collapse: collapse; width: 100%; height: 72px;\" border=\"1\">\n<tbody>\n<tr style=\"height: 48px;\">\n<td style=\"width: 33.3333%; text-align: center; height: 48px;\"><strong><a href=\"https:\/\/aytocastillodelocubin.org\/?p=4707\">Cofrad\u00eda del Sant\u00edsimo Cristo del Perd\u00f3n y Santo Entierro<\/a><\/strong><\/td>\n<td style=\"width: 33.3333%; text-align: center; height: 48px;\"><strong><a href=\"https:\/\/aytocastillodelocubin.org\/?p=4709\">Hermandad de Nuestra Se\u00f1ora de los Dolores<\/a><\/strong><\/td>\n<td style=\"width: 33.3333%; height: 48px; text-align: center;\"><strong><a href=\"https:\/\/aytocastillodelocubin.org\/?p=4711\">Hermandad de Nuestro Padre Jes\u00fas Nazareno<\/a><\/strong><\/td>\n<\/tr>\n<tr style=\"height: 24px;\">\n<td style=\"width: 33.3333%; height: 24px;\"><img loading=\"lazy\" decoding=\"async\" class=\"aligncenter size-medium wp-image-4705\" src=\"https:\/\/aytocastillodelocubin.org\/wp-content\/uploads\/2018\/10\/perdon-4-300x199.jpg\" alt=\"\" width=\"300\" height=\"200\" srcset=\"https:\/\/aytocastillodelocubin.org\/wp-content\/uploads\/2018\/10\/perdon-4-300x199.jpg 300w, https:\/\/aytocastillodelocubin.org\/wp-content\/uploads\/2018\/10\/perdon-4-768x510.jpg 768w, https:\/\/aytocastillodelocubin.org\/wp-content\/uploads\/2018\/10\/perdon-4-1024x680.jpg 1024w, https:\/\/aytocastillodelocubin.org\/wp-content\/uploads\/2018\/10\/perdon-4-1200x797.jpg 1200w, https:\/\/aytocastillodelocubin.org\/wp-content\/uploads\/2018\/10\/perdon-4-594x394.jpg 594w, https:\/\/aytocastillodelocubin.org\/wp-content\/uploads\/2018\/10\/perdon-4.jpg 2000w\" sizes=\"(max-width: 300px) 100vw, 300px\" \/><\/td>\n<td style=\"width: 33.3333%; height: 24px;\"><img loading=\"lazy\" decoding=\"async\" src=\"https:\/\/aytocastillodelocubin.org\/wp-content\/uploads\/2020\/04\/Nuestra-Se\u00f1ora-de-los-Dolores-300x225.jpg\" alt=\"\" width=\"300\" height=\"200\" class=\"alignnone size-medium wp-image-5921\" \/><\/td>\n<td style=\"width: 33.3333%; height: 24px;\"\n<\/td>\n<\/tr>\n<p><a href=\"https:\/\/aytocastillodelocubin.org\/?page_id=5875\" rel=\"noopener noreferrer\" target=\"_blank\">Videos<\/a><\/p>\n<\/tbody>\n<\/table>\n<p>&nbsp;<\/p>\n","protected":false},"excerpt":{"rendered":"<p>Cofrad\u00eda del Sant\u00edsimo Cristo del Perd\u00f3n y Santo Entierro Hermandad de Nuestra Se\u00f1ora de los Dolores Hermandad de Nuestro Padre Jes\u00fas Nazareno<\/p>\n","protected":false},"author":1,"featured_media":5916,"parent":0,"menu_order":0,"comment_status":"closed","ping_status":"closed","template":"","meta":{"footnotes":""},"_links":{"self":[{"href":"https:\/\/aytocastillodelocubin.org\/index.php?rest_route=\/wp\/v2\/pages\/2056"}],"collection":[{"href":"https:\/\/aytocastillodelocubin.org\/index.php?rest_route=\/wp\/v2\/pages"}],"about":[{"href":"https:\/\/aytocastillodelocubin.org\/index.php?rest_route=\/wp\/v2\/types\/page"}],"author":[{"embeddable":true,"href":"https:\/\/aytocastillodelocubin.org\/index.php?rest_route=\/wp\/v2\/users\/1"}],"replies":[{"embeddable":true,"href":"https:\/\/aytocastillodelocubin.org\/index.php?rest_route=%2Fwp%2Fv2%2Fcomments&post=2056"}],"version-history":[{"count":15,"href":"https:\/\/aytocastillodelocubin.org\/index.php?rest_route=\/wp\/v2\/pages\/2056\/revisions"}],"predecessor-version":[{"id":5874,"href":"https:\/\/aytocastillodelocubin.org\/index.php?rest_route=\/wp\/v2\/pages\/2056\/revisions\/5874"}],"wp:featuredmedia":[{"embeddable":true,"href":"https:\/\/aytocastillodelocubin.org\/index.php?rest_route=\/wp\/v2\/media\/5916"}],"wp:attachment":[{"href":"https:\/\/aytocastillodelocubin.org\/index.php?rest_route=%2Fwp%2Fv2%2Fmedia&parent=2056"}],"curies":[{"name":"wp","href":"https:\/\/api.w.org\/{rel}","templated":true}]}}