{"id":2197,"date":"2017-10-13T10:27:33","date_gmt":"2017-10-13T10:27:33","guid":{"rendered":"http:\/\/aytocastillodelocubin.org\/?page_id=2197"},"modified":"2021-06-10T11:08:11","modified_gmt":"2021-06-10T11:08:11","slug":"fiesta-de-la-cereza-2001","status":"publish","type":"page","link":"https:\/\/aytocastillodelocubin.org\/?page_id=2197","title":{"rendered":"Fiesta de la Cereza 2001"},"content":{"rendered":"<p><a href=\"https:\/\/aytocastillodelocubin.org\/wp-content\/uploads\/2021\/06\/F.-Cereza-2001.pdf\" target=\"_blank\" rel=\"noopener noreferrer\">Programa Fiesta de la Cereza 2001<\/a><\/p>\n<p><a href=\"https:\/\/aytocastillodelocubin.org\/wp-content\/uploads\/2017\/10\/PREGON-2001-TOMAS-VILLEN-XVIII.pdf\">Preg\u00f3n 2001 Tom\u00e1s Vill\u00e9n Extremera XVIII<\/a><\/p>\n","protected":false},"excerpt":{"rendered":"<p>Programa Fiesta de la Cereza 2001 Preg\u00f3n 2001 Tom\u00e1s Vill\u00e9n Extremera XVIII<\/p>\n","protected":false},"author":1,"featured_media":2155,"parent":0,"menu_order":0,"comment_status":"closed","ping_status":"closed","template":"","meta":{"footnotes":""},"_links":{"self":[{"href":"https:\/\/aytocastillodelocubin.org\/index.php?rest_route=\/wp\/v2\/pages\/2197"}],"collection":[{"href":"https:\/\/aytocastillodelocubin.org\/index.php?rest_route=\/wp\/v2\/pages"}],"about":[{"href":"https:\/\/aytocastillodelocubin.org\/index.php?rest_route=\/wp\/v2\/types\/page"}],"author":[{"embeddable":true,"href":"https:\/\/aytocastillodelocubin.org\/index.php?rest_route=\/wp\/v2\/users\/1"}],"replies":[{"embeddable":true,"href":"https:\/\/aytocastillodelocubin.org\/index.php?rest_route=%2Fwp%2Fv2%2Fcomments&post=2197"}],"version-history":[{"count":5,"href":"https:\/\/aytocastillodelocubin.org\/index.php?rest_route=\/wp\/v2\/pages\/2197\/revisions"}],"predecessor-version":[{"id":8270,"href":"https:\/\/aytocastillodelocubin.org\/index.php?rest_route=\/wp\/v2\/pages\/2197\/revisions\/8270"}],"wp:featuredmedia":[{"embeddable":true,"href":"https:\/\/aytocastillodelocubin.org\/index.php?rest_route=\/wp\/v2\/media\/2155"}],"wp:attachment":[{"href":"https:\/\/aytocastillodelocubin.org\/index.php?rest_route=%2Fwp%2Fv2%2Fmedia&parent=2197"}],"curies":[{"name":"wp","href":"https:\/\/api.w.org\/{rel}","templated":true}]}}