{"id":22,"date":"2017-05-16T10:41:33","date_gmt":"2017-05-16T10:41:33","guid":{"rendered":"http:\/\/aytocastillodelocubin.org\/?page_id=22"},"modified":"2024-05-17T11:08:45","modified_gmt":"2024-05-17T11:08:45","slug":"datos-generales","status":"publish","type":"page","link":"https:\/\/aytocastillodelocubin.org\/?page_id=22","title":{"rendered":"Datos generales"},"content":{"rendered":"<p><strong>Poblaci\u00f3n total a 2022: <\/strong>3960<\/p>\n<p><strong>Poblaci\u00f3n de hombres:\u00a0<\/strong>1966<\/p>\n<p><strong>Poblaci\u00f3n de mujeres:\u00a0<\/strong>1994<\/p>\n<p><strong>Renta neta media:\u00a0<\/strong>9.982<\/p>\n<p><strong>Tasa de desempleo:\u00a0<\/strong>15.9%<\/p>\n<p><strong>Poblaci\u00f3n mayor de 65 a\u00f1os:<\/strong>\u00a031 %<strong>\u00a0<\/strong><\/p>\n<p><strong>Extensi\u00f3n del t\u00e9rmino municipal:<\/strong> 102\u00a0Km<sup>2<\/sup><\/p>\n<p>&nbsp;<\/p>\n<p>M\u00e1s informaci\u00f3n estad\u00edstica <a href=\"http:\/\/www.juntadeandalucia.es\/institutodeestadisticaycartografia\/sima\/ficha.htm?mun=23026\">aqu\u00ed<\/a><\/p>\n","protected":false},"excerpt":{"rendered":"<p>Poblaci\u00f3n total a 2022: 3960 Poblaci\u00f3n de hombres:\u00a01966 Poblaci\u00f3n de mujeres:\u00a01994 Renta neta media:\u00a09.982 Tasa de desempleo:\u00a015.9% Poblaci\u00f3n mayor de 65 a\u00f1os:\u00a031 %\u00a0 Extensi\u00f3n del t\u00e9rmino municipal: 102\u00a0Km2 &nbsp; M\u00e1s informaci\u00f3n estad\u00edstica aqu\u00ed<\/p>\n","protected":false},"author":1,"featured_media":1083,"parent":0,"menu_order":0,"comment_status":"closed","ping_status":"closed","template":"","meta":{"footnotes":""},"_links":{"self":[{"href":"https:\/\/aytocastillodelocubin.org\/index.php?rest_route=\/wp\/v2\/pages\/22"}],"collection":[{"href":"https:\/\/aytocastillodelocubin.org\/index.php?rest_route=\/wp\/v2\/pages"}],"about":[{"href":"https:\/\/aytocastillodelocubin.org\/index.php?rest_route=\/wp\/v2\/types\/page"}],"author":[{"embeddable":true,"href":"https:\/\/aytocastillodelocubin.org\/index.php?rest_route=\/wp\/v2\/users\/1"}],"replies":[{"embeddable":true,"href":"https:\/\/aytocastillodelocubin.org\/index.php?rest_route=%2Fwp%2Fv2%2Fcomments&post=22"}],"version-history":[{"count":7,"href":"https:\/\/aytocastillodelocubin.org\/index.php?rest_route=\/wp\/v2\/pages\/22\/revisions"}],"predecessor-version":[{"id":12290,"href":"https:\/\/aytocastillodelocubin.org\/index.php?rest_route=\/wp\/v2\/pages\/22\/revisions\/12290"}],"wp:featuredmedia":[{"embeddable":true,"href":"https:\/\/aytocastillodelocubin.org\/index.php?rest_route=\/wp\/v2\/media\/1083"}],"wp:attachment":[{"href":"https:\/\/aytocastillodelocubin.org\/index.php?rest_route=%2Fwp%2Fv2%2Fmedia&parent=22"}],"curies":[{"name":"wp","href":"https:\/\/api.w.org\/{rel}","templated":true}]}}