{"id":2252,"date":"2017-10-13T10:29:01","date_gmt":"2017-10-13T10:29:01","guid":{"rendered":"http:\/\/aytocastillodelocubin.org\/?page_id=2252"},"modified":"2021-06-14T08:54:53","modified_gmt":"2021-06-14T08:54:53","slug":"fiesta-de-la-cereza-2010","status":"publish","type":"page","link":"https:\/\/aytocastillodelocubin.org\/?page_id=2252","title":{"rendered":"Fiesta de la Cereza 2010"},"content":{"rendered":"<p><a href=\"https:\/\/aytocastillodelocubin.org\/wp-content\/uploads\/2021\/06\/F.-Cereza-2010.pdf\" target=\"_blank\" rel=\"noopener noreferrer\">Programa Fiesta de La Cereza 2010<\/a><\/p>\n<p><a href=\"https:\/\/aytocastillodelocubin.org\/wp-content\/uploads\/2017\/10\/PREGON-2010-MANUEL-VILLEN-LOPEZ-XXVII.pdf\">Preg\u00f3n 2010 Manuel Vill\u00e9n L\u00f3pez XXVII<\/a><\/p>\n","protected":false},"excerpt":{"rendered":"<p>Programa Fiesta de La Cereza 2010 Preg\u00f3n 2010 Manuel Vill\u00e9n L\u00f3pez XXVII<\/p>\n","protected":false},"author":1,"featured_media":2361,"parent":0,"menu_order":0,"comment_status":"closed","ping_status":"closed","template":"","meta":{"footnotes":""},"_links":{"self":[{"href":"https:\/\/aytocastillodelocubin.org\/index.php?rest_route=\/wp\/v2\/pages\/2252"}],"collection":[{"href":"https:\/\/aytocastillodelocubin.org\/index.php?rest_route=\/wp\/v2\/pages"}],"about":[{"href":"https:\/\/aytocastillodelocubin.org\/index.php?rest_route=\/wp\/v2\/types\/page"}],"author":[{"embeddable":true,"href":"https:\/\/aytocastillodelocubin.org\/index.php?rest_route=\/wp\/v2\/users\/1"}],"replies":[{"embeddable":true,"href":"https:\/\/aytocastillodelocubin.org\/index.php?rest_route=%2Fwp%2Fv2%2Fcomments&post=2252"}],"version-history":[{"count":4,"href":"https:\/\/aytocastillodelocubin.org\/index.php?rest_route=\/wp\/v2\/pages\/2252\/revisions"}],"predecessor-version":[{"id":8311,"href":"https:\/\/aytocastillodelocubin.org\/index.php?rest_route=\/wp\/v2\/pages\/2252\/revisions\/8311"}],"wp:featuredmedia":[{"embeddable":true,"href":"https:\/\/aytocastillodelocubin.org\/index.php?rest_route=\/wp\/v2\/media\/2361"}],"wp:attachment":[{"href":"https:\/\/aytocastillodelocubin.org\/index.php?rest_route=%2Fwp%2Fv2%2Fmedia&parent=2252"}],"curies":[{"name":"wp","href":"https:\/\/api.w.org\/{rel}","templated":true}]}}