{"id":2253,"date":"2017-10-13T10:29:00","date_gmt":"2017-10-13T10:29:00","guid":{"rendered":"http:\/\/aytocastillodelocubin.org\/?page_id=2253"},"modified":"2021-06-14T10:27:19","modified_gmt":"2021-06-14T10:27:19","slug":"fiesta-de-la-cereza-2011","status":"publish","type":"page","link":"https:\/\/aytocastillodelocubin.org\/?page_id=2253","title":{"rendered":"Fiesta de la Cereza 2011"},"content":{"rendered":"<p><a href=\"https:\/\/aytocastillodelocubin.org\/wp-content\/uploads\/2021\/06\/F.-Cereza-2011.pdf\" target=\"_blank\" rel=\"noopener noreferrer\">Programa Fiesta de La Cereza 2011<\/a><\/p>\n<p><a href=\"https:\/\/aytocastillodelocubin.org\/wp-content\/uploads\/2017\/10\/PREGON-2011-MARIA-DEL-CARMEN-ALVAREZ-TINAUT-XXVIII.pdf\">Preg\u00f3n 2011 Mar\u00eda del Carmen \u00c1lvarez Tinaut XXVIII<\/a><\/p>\n","protected":false},"excerpt":{"rendered":"<p>Programa Fiesta de La Cereza 2011 Preg\u00f3n 2011 Mar\u00eda del Carmen \u00c1lvarez Tinaut XXVIII<\/p>\n","protected":false},"author":1,"featured_media":2362,"parent":0,"menu_order":0,"comment_status":"closed","ping_status":"closed","template":"","meta":{"footnotes":""},"_links":{"self":[{"href":"https:\/\/aytocastillodelocubin.org\/index.php?rest_route=\/wp\/v2\/pages\/2253"}],"collection":[{"href":"https:\/\/aytocastillodelocubin.org\/index.php?rest_route=\/wp\/v2\/pages"}],"about":[{"href":"https:\/\/aytocastillodelocubin.org\/index.php?rest_route=\/wp\/v2\/types\/page"}],"author":[{"embeddable":true,"href":"https:\/\/aytocastillodelocubin.org\/index.php?rest_route=\/wp\/v2\/users\/1"}],"replies":[{"embeddable":true,"href":"https:\/\/aytocastillodelocubin.org\/index.php?rest_route=%2Fwp%2Fv2%2Fcomments&post=2253"}],"version-history":[{"count":4,"href":"https:\/\/aytocastillodelocubin.org\/index.php?rest_route=\/wp\/v2\/pages\/2253\/revisions"}],"predecessor-version":[{"id":8314,"href":"https:\/\/aytocastillodelocubin.org\/index.php?rest_route=\/wp\/v2\/pages\/2253\/revisions\/8314"}],"wp:featuredmedia":[{"embeddable":true,"href":"https:\/\/aytocastillodelocubin.org\/index.php?rest_route=\/wp\/v2\/media\/2362"}],"wp:attachment":[{"href":"https:\/\/aytocastillodelocubin.org\/index.php?rest_route=%2Fwp%2Fv2%2Fmedia&parent=2253"}],"curies":[{"name":"wp","href":"https:\/\/api.w.org\/{rel}","templated":true}]}}