{"id":2257,"date":"2017-10-13T10:28:52","date_gmt":"2017-10-13T10:28:52","guid":{"rendered":"http:\/\/aytocastillodelocubin.org\/?page_id=2257"},"modified":"2017-10-13T11:27:43","modified_gmt":"2017-10-13T11:27:43","slug":"fiesta-de-la-cereza-2015","status":"publish","type":"page","link":"https:\/\/aytocastillodelocubin.org\/?page_id=2257","title":{"rendered":"Fiesta de la cereza 2015"},"content":{"rendered":"<p><a href=\"https:\/\/aytocastillodelocubin.org\/wp-content\/uploads\/2017\/10\/PREGON-2015-ISMAEL-LOPEZ-LOPEZ.pdf\">Preg\u00f3n 2015 Ismael L\u00f3pez L\u00f3pez XXXII<\/a><\/p>\n","protected":false},"excerpt":{"rendered":"<p>Preg\u00f3n 2015 Ismael L\u00f3pez L\u00f3pez XXXII<\/p>\n","protected":false},"author":1,"featured_media":0,"parent":0,"menu_order":0,"comment_status":"closed","ping_status":"closed","template":"","meta":{"footnotes":""},"_links":{"self":[{"href":"https:\/\/aytocastillodelocubin.org\/index.php?rest_route=\/wp\/v2\/pages\/2257"}],"collection":[{"href":"https:\/\/aytocastillodelocubin.org\/index.php?rest_route=\/wp\/v2\/pages"}],"about":[{"href":"https:\/\/aytocastillodelocubin.org\/index.php?rest_route=\/wp\/v2\/types\/page"}],"author":[{"embeddable":true,"href":"https:\/\/aytocastillodelocubin.org\/index.php?rest_route=\/wp\/v2\/users\/1"}],"replies":[{"embeddable":true,"href":"https:\/\/aytocastillodelocubin.org\/index.php?rest_route=%2Fwp%2Fv2%2Fcomments&post=2257"}],"version-history":[{"count":2,"href":"https:\/\/aytocastillodelocubin.org\/index.php?rest_route=\/wp\/v2\/pages\/2257\/revisions"}],"predecessor-version":[{"id":2320,"href":"https:\/\/aytocastillodelocubin.org\/index.php?rest_route=\/wp\/v2\/pages\/2257\/revisions\/2320"}],"wp:attachment":[{"href":"https:\/\/aytocastillodelocubin.org\/index.php?rest_route=%2Fwp%2Fv2%2Fmedia&parent=2257"}],"curies":[{"name":"wp","href":"https:\/\/api.w.org\/{rel}","templated":true}]}}