{"id":24,"date":"2017-05-16T10:41:33","date_gmt":"2017-05-16T10:41:33","guid":{"rendered":"http:\/\/aytocastillodelocubin.org\/?page_id=24"},"modified":"2019-01-30T15:14:59","modified_gmt":"2019-01-30T15:14:59","slug":"historia","status":"publish","type":"page","link":"https:\/\/aytocastillodelocubin.org\/?page_id=24","title":{"rendered":"Historia"},"content":{"rendered":"<p class=\"mg-sm text-justify\" align=\"justify\">Castillo de Locub\u00edn debe su nombre a la lengua \u00e1rabe, pues en al-Andalus se le llam\u00f3 <em>al-\u00b4uqubin<\/em>, que significa \u201cde las \u00e1guilas\u201d, y as\u00ed se documenta en una obra del siglo XIII. Est\u00e1 situado sobre un valle, junto a un r\u00edo, en lugar escarpado. Quiz\u00e1s ese nombre de <em>al-\u00b4uqubin<\/em> sea una arabizaci\u00f3n del enclave prehist\u00f3rico y romano de <em>Succubo<\/em>, que han propuesto situar a veces en el t\u00e9rmino castillero de Cabeza Baja de Encina Hermosa.<\/p>\n<p class=\"mg-sm text-justify\" align=\"justify\">La historia de Castillo de Locub\u00edn se fue desarrollando junto con la de otros lugares vecinos por donde pasaron sucesivas civilizaciones y, entre ellas, la del per\u00edodo \u00e1rabe en al-Andalus, durante el cual, la historia de Castillo de Locub\u00edn estuvo muy ligada a la de Alcal\u00e1 de Benzaide, definitivamente llamada Alcal\u00e1 la Real, pues fue uno de los castillos que de este Alcal\u00e1 depend\u00edan.<\/p>\n<p class=\"mg-sm text-justify\" align=\"justify\">Los musulmanes llegaron a la Pen\u00ednsula Ib\u00e9rica en el a\u00f1o 711 y parece que, en el 727, aquel enclave estaba en manos de Abencorba. Noticias m\u00e1s concretas las tenemos ya en el siglo IX, y a continuaci\u00f3n recorri\u00f3 las \u00e9pocas del califato, taifas, almor\u00e1vides y almohades.<\/p>\n<p class=\"mg-sm text-justify\" align=\"justify\">La primera conquista cristiana de Castillo de Locub\u00edn fue realizada por Alfonso IX en 1213, pero dur\u00f3 poco. Fernando III el Santo continu\u00f3 y en 1227 pact\u00f3 con el califa almohade al-Ma\u2019mun. En 1238, se gan\u00f3 a los musulmanes Castillo de Locub\u00edn, y San Fernando se lo entreg\u00f3 a la Orden de Calatrava en 1240, pero la conquista no fue definitiva.<\/p>\n<p class=\"mg-sm text-justify\" align=\"justify\">Al morir San Fernando le sucedi\u00f3 su hijo Alfonso XI, quien en 1341 reconquist\u00f3 por tercera y \u00faltima vez Castillo de Locub\u00edn, entreg\u00e1ndoselo a la ciudad de Alcal\u00e1 la Real, jurisdicci\u00f3n que a los castilleros no satisfizo. Aunque fue una conquista definitiva, como se hallaba en la frontera entre el reino de Castilla y Granada, hubo momentos en que Castillo lleg\u00f3 a ser asolado por los musulmanes. Y as\u00ed continu\u00f3, hasta que fue conquistado por los Reyes Cat\u00f3licos.<\/p>\n<p class=\"mg-sm text-justify\" align=\"justify\">Ya en la \u00e9poca cristiana se construy\u00f3 la iglesia parroquial de San Pedro y varias ermitas. En 1626 se fund\u00f3 un convento de franciscanos.<\/p>\n<p class=\"mg-sm text-justify\" align=\"justify\">Aunque seg\u00fan dicen los alcala\u00ednos Castillo fue su anejo predilecto, una vez que sus habitantes se encontraron con fuerzas para regirse por s\u00ed solos, desearon romper con Alcal\u00e1. La primera tentativa fue en 1729 aunque antes ocurri\u00f3 otra en el siglo XVI.<\/p>\n<p class=\"mg-sm text-justify\" align=\"justify\">En el a\u00f1o 1751, reinando Fernando VI, segu\u00eda dependiendo de Alcal\u00e1, pero al llegar la Revoluci\u00f3n Francesa, los castilleros pidieron a las autoridades napole\u00f3nicas su separaci\u00f3n, y as\u00ed les fue concedida. En 1814 tuvo que volver a depender de Alcal\u00e1, pero lo alcala\u00ednos la dejaron libre definitivamente en 1835 y en el 1938: entonces, se fijaron las lindes y se establecieron por donde van hoy. Al fin consigui\u00f3 Castillo la emancipaci\u00f3n. Con la monarqu\u00eda\u00a0 de Alfonso XII hay un remanso de paz.<\/p>\n<p class=\"mg-sm text-justify\" align=\"justify\">Al comenzar el siglo XX se elev\u00f3 el nivel de vida: La ganader\u00eda aument\u00f3, igual que la industria y las comunicaciones. Se cuid\u00f3 la ense\u00f1anza, la sanidad, etc. Actualmente es una ciudad pr\u00f3spera y sus habitantes viven bien.<\/p>\n<p class=\"mg-sm text-justify\" align=\"justify\">En el a\u00f1o 1915, recibi\u00f3 la denominaci\u00f3n de ciudad y se le\u00a0 cre\u00f3 al mismo tiempo el escudo her\u00e1ldico, que consist\u00eda en una llave invertida, orlada de ocho castillos. En los a\u00f1os cincuenta del siglo pasado, el alcalde Juan L\u00f3pez Castillo, incluy\u00f3 este Castillo en la \u201cAsociaci\u00f3n de Castillos de Espa\u00f1a\u201d.<\/p>\n","protected":false},"excerpt":{"rendered":"<p>Castillo de Locub\u00edn debe su nombre a la lengua \u00e1rabe, pues en al-Andalus se le llam\u00f3 al-\u00b4uqubin, que significa \u201cde las \u00e1guilas\u201d, y as\u00ed se documenta en una obra del siglo XIII. Est\u00e1 situado sobre un valle, junto a un r\u00edo, en lugar escarpado. Quiz\u00e1s ese nombre de al-\u00b4uqubin sea una arabizaci\u00f3n del enclave prehist\u00f3rico [&hellip;]<\/p>\n","protected":false},"author":1,"featured_media":1644,"parent":0,"menu_order":0,"comment_status":"closed","ping_status":"closed","template":"","meta":{"footnotes":""},"_links":{"self":[{"href":"https:\/\/aytocastillodelocubin.org\/index.php?rest_route=\/wp\/v2\/pages\/24"}],"collection":[{"href":"https:\/\/aytocastillodelocubin.org\/index.php?rest_route=\/wp\/v2\/pages"}],"about":[{"href":"https:\/\/aytocastillodelocubin.org\/index.php?rest_route=\/wp\/v2\/types\/page"}],"author":[{"embeddable":true,"href":"https:\/\/aytocastillodelocubin.org\/index.php?rest_route=\/wp\/v2\/users\/1"}],"replies":[{"embeddable":true,"href":"https:\/\/aytocastillodelocubin.org\/index.php?rest_route=%2Fwp%2Fv2%2Fcomments&post=24"}],"version-history":[{"count":8,"href":"https:\/\/aytocastillodelocubin.org\/index.php?rest_route=\/wp\/v2\/pages\/24\/revisions"}],"predecessor-version":[{"id":4975,"href":"https:\/\/aytocastillodelocubin.org\/index.php?rest_route=\/wp\/v2\/pages\/24\/revisions\/4975"}],"wp:featuredmedia":[{"embeddable":true,"href":"https:\/\/aytocastillodelocubin.org\/index.php?rest_route=\/wp\/v2\/media\/1644"}],"wp:attachment":[{"href":"https:\/\/aytocastillodelocubin.org\/index.php?rest_route=%2Fwp%2Fv2%2Fmedia&parent=24"}],"curies":[{"name":"wp","href":"https:\/\/api.w.org\/{rel}","templated":true}]}}