{"id":25,"date":"2017-05-16T10:41:33","date_gmt":"2017-05-16T10:41:33","guid":{"rendered":"http:\/\/aytocastillodelocubin.org\/?page_id=25"},"modified":"2017-10-13T09:31:06","modified_gmt":"2017-10-13T09:31:06","slug":"patrimonio","status":"publish","type":"page","link":"https:\/\/aytocastillodelocubin.org\/?page_id=25","title":{"rendered":"Patrimonio Cultural"},"content":{"rendered":"<table>\n<tbody>\n<tr>\n<td style=\"text-align: center;\"><strong><a href=\"https:\/\/aytocastillodelocubin.org\/?page_id=1287\">Monumentos y lugares de inter\u00e9s cultural del t\u00e9rmino municipal de Castillo de Locub\u00edn<\/a><\/strong><\/td>\n<td style=\"text-align: center;\"><strong><a href=\"https:\/\/aytocastillodelocubin.org\/?page_id=1286\">Monumentos y lugares de inter\u00e9s cultural del casco urbano de Castillo de Locub\u00edn<\/a><\/strong><\/td>\n<\/tr>\n<\/tbody>\n<\/table>\n<p>&nbsp;<\/p>\n","protected":false},"excerpt":{"rendered":"<p>Monumentos y lugares de inter\u00e9s cultural del t\u00e9rmino municipal de Castillo de Locub\u00edn Monumentos y lugares de inter\u00e9s cultural del casco urbano de Castillo de Locub\u00edn &nbsp;<\/p>\n","protected":false},"author":1,"featured_media":1052,"parent":0,"menu_order":0,"comment_status":"closed","ping_status":"closed","template":"","meta":{"footnotes":""},"_links":{"self":[{"href":"https:\/\/aytocastillodelocubin.org\/index.php?rest_route=\/wp\/v2\/pages\/25"}],"collection":[{"href":"https:\/\/aytocastillodelocubin.org\/index.php?rest_route=\/wp\/v2\/pages"}],"about":[{"href":"https:\/\/aytocastillodelocubin.org\/index.php?rest_route=\/wp\/v2\/types\/page"}],"author":[{"embeddable":true,"href":"https:\/\/aytocastillodelocubin.org\/index.php?rest_route=\/wp\/v2\/users\/1"}],"replies":[{"embeddable":true,"href":"https:\/\/aytocastillodelocubin.org\/index.php?rest_route=%2Fwp%2Fv2%2Fcomments&post=25"}],"version-history":[{"count":5,"href":"https:\/\/aytocastillodelocubin.org\/index.php?rest_route=\/wp\/v2\/pages\/25\/revisions"}],"predecessor-version":[{"id":2135,"href":"https:\/\/aytocastillodelocubin.org\/index.php?rest_route=\/wp\/v2\/pages\/25\/revisions\/2135"}],"wp:featuredmedia":[{"embeddable":true,"href":"https:\/\/aytocastillodelocubin.org\/index.php?rest_route=\/wp\/v2\/media\/1052"}],"wp:attachment":[{"href":"https:\/\/aytocastillodelocubin.org\/index.php?rest_route=%2Fwp%2Fv2%2Fmedia&parent=25"}],"curies":[{"name":"wp","href":"https:\/\/api.w.org\/{rel}","templated":true}]}}