{"id":3627,"date":"2018-04-24T08:29:12","date_gmt":"2018-04-24T08:29:12","guid":{"rendered":"http:\/\/aytocastillodelocubin.org\/?page_id=3627"},"modified":"2018-05-05T09:29:07","modified_gmt":"2018-05-05T09:29:07","slug":"construccion","status":"publish","type":"page","link":"https:\/\/aytocastillodelocubin.org\/?page_id=3627","title":{"rendered":"Construcci\u00f3n y almacenes de material"},"content":{"rendered":"<h5 class=\"collapseomatic \" id=\"id69faf475ebb6b\"  tabindex=\"0\" title=\"Castillo Dise\u00f1o\"    >Castillo Dise\u00f1o<\/h5><div id=\"target-id69faf475ebb6b\" class=\"collapseomatic_content \">\n<p class=\"mg-sm text-j ustify\" align=\"justify\">Castillo Dise\u00f1o es una empresa con 40 a\u00f1os de experiencia y gente joven a la vanguardia de los \u00faltimos materiales que hay en el mercado. Nuestra empresa les ofrece cocinas, ba\u00f1os, tarima flotante, objetos de regalo, cer\u00e1mica, estufas de le\u00f1a, orujillo, etc.<\/p>\n<p>Localizaci\u00f3n: C\/Pizarro, n\u00ba 7, Castillo de Locub\u00edn<\/p>\n<p>Tel\u00e9fono de contacto: 953 590 334 &#8211; 665 885 479<\/p>\n\t\t\t\t\t\t<div class=\"gallery_box_single\">\n\t\t\t\t\t\t\t\t\t\t\t\t\t\t\t<div class=\"gallery gllr_grid\" data-gllr-columns=\"6\" data-gllr-border-width=\"10\">\n\t\t\t\t\t\t\t\t\t\t\t\t\t\t\t\t\t\t\t\t<div class=\"gllr_image_row\">\n\t\t\t\t\t\t\t\t\t\t\t\t\t\t\t\t\t\t\t\t\t<div class=\"gllr_image_block\">\n\t\t\t\t\t\t\t\t\t\t\t\t<p style=\"\n\t\t\t\t\t\t\t\t\t\t\t\twidth:150px;height:150px;\t\t\t\t\t\t\t\t\t\t\t\t\">\n\t\t\t\t\t\t\t\t\t\t\t\t\t\t\t\t\t\t\t\t\t\t\t\t\t\t\t\t<a data-fancybox=\"gallery_fancybox_3679\" href=\"https:\/\/aytocastillodelocubin.org\/wp-content\/uploads\/2018\/04\/pexels-photo-273843-1024x588.jpeg\" title=\"\" >\n\t\t\t\t\t\t\t\t\t\t\t\t\t\t\t\t<img loading=\"lazy\" decoding=\"async\" width=\"150\" height=\"150\" style=\"width:150px; height:150px; \" alt=\"\" title=\"\" src=\"https:\/\/aytocastillodelocubin.org\/wp-content\/uploads\/2018\/04\/pexels-photo-273843-150x150.jpeg\" rel=\"https:\/\/aytocastillodelocubin.org\/wp-content\/uploads\/2018\/04\/pexels-photo-273843.jpeg\" \/>\t\t\t\t\t\t\t\t\t\t\t\t\t\t\t<\/a>\n\t\t\t\t\t\t\t\t\t\t\t\t\t\t\t\t\t\t\t\t\t\t\t\t\t\t<\/p>\n\t\t\t\t\t\t\t\t\t\t\t\t\t\t\t\t\t\t\t\t\t\t\t\t\t<div \n\t\t\t\t\t\t\t\t\t\t\t\t\tstyle=\"width:150px;\"\t\t\t\t\t\t\t\t\t\t\t\t\tclass=\"gllr_single_image_text gllr_single_image_text_under\">&nbsp;<\/div>\n\t\t\t\t\t\t\t\t\t\t\t\t\t\t\t\t\t\t\t\t\t\t\t<\/div><!-- .gllr_image_block -->\n\t\t\t\t\t\t\t\t\t\t\t\t\t\t\t\t\t\t\t\t\t<div class=\"gllr_image_block\">\n\t\t\t\t\t\t\t\t\t\t\t\t<p style=\"\n\t\t\t\t\t\t\t\t\t\t\t\twidth:150px;height:150px;\t\t\t\t\t\t\t\t\t\t\t\t\">\n\t\t\t\t\t\t\t\t\t\t\t\t\t\t\t\t\t\t\t\t\t\t\t\t\t\t\t\t<a data-fancybox=\"gallery_fancybox_3679\" href=\"https:\/\/aytocastillodelocubin.org\/wp-content\/uploads\/2018\/04\/preview16.jpg\" title=\"\" >\n\t\t\t\t\t\t\t\t\t\t\t\t\t\t\t\t<img loading=\"lazy\" decoding=\"async\" width=\"150\" height=\"150\" style=\"width:150px; height:150px; \" alt=\"\" title=\"\" src=\"https:\/\/aytocastillodelocubin.org\/wp-content\/uploads\/2018\/04\/preview16-150x150.jpg\" rel=\"https:\/\/aytocastillodelocubin.org\/wp-content\/uploads\/2018\/04\/preview16.jpg\" \/>\t\t\t\t\t\t\t\t\t\t\t\t\t\t\t<\/a>\n\t\t\t\t\t\t\t\t\t\t\t\t\t\t\t\t\t\t\t\t\t\t\t\t\t\t<\/p>\n\t\t\t\t\t\t\t\t\t\t\t\t\t\t\t\t\t\t\t\t\t\t\t\t\t<div \n\t\t\t\t\t\t\t\t\t\t\t\t\tstyle=\"width:150px;\"\t\t\t\t\t\t\t\t\t\t\t\t\tclass=\"gllr_single_image_text gllr_single_image_text_under\">&nbsp;<\/div>\n\t\t\t\t\t\t\t\t\t\t\t\t\t\t\t\t\t\t\t\t\t\t\t<\/div><!-- .gllr_image_block -->\n\t\t\t\t\t\t\t\t\t\t\t\t\t\t\t\t\t\t\t\t\t<div class=\"gllr_image_block\">\n\t\t\t\t\t\t\t\t\t\t\t\t<p style=\"\n\t\t\t\t\t\t\t\t\t\t\t\twidth:150px;height:150px;\t\t\t\t\t\t\t\t\t\t\t\t\">\n\t\t\t\t\t\t\t\t\t\t\t\t\t\t\t\t\t\t\t\t\t\t\t\t\t\t\t\t<a data-fancybox=\"gallery_fancybox_3679\" href=\"https:\/\/aytocastillodelocubin.org\/wp-content\/uploads\/2018\/04\/kitchen-stove-sink-kitchen-counter-349749-1024x678.jpeg\" title=\"\" >\n\t\t\t\t\t\t\t\t\t\t\t\t\t\t\t\t<img loading=\"lazy\" decoding=\"async\" width=\"150\" height=\"150\" style=\"width:150px; height:150px; \" alt=\"\" title=\"\" src=\"https:\/\/aytocastillodelocubin.org\/wp-content\/uploads\/2018\/04\/kitchen-stove-sink-kitchen-counter-349749-150x150.jpeg\" rel=\"https:\/\/aytocastillodelocubin.org\/wp-content\/uploads\/2018\/04\/kitchen-stove-sink-kitchen-counter-349749.jpeg\" \/>\t\t\t\t\t\t\t\t\t\t\t\t\t\t\t<\/a>\n\t\t\t\t\t\t\t\t\t\t\t\t\t\t\t\t\t\t\t\t\t\t\t\t\t\t<\/p>\n\t\t\t\t\t\t\t\t\t\t\t\t\t\t\t\t\t\t\t\t\t\t\t\t\t<div \n\t\t\t\t\t\t\t\t\t\t\t\t\tstyle=\"width:150px;\"\t\t\t\t\t\t\t\t\t\t\t\t\tclass=\"gllr_single_image_text gllr_single_image_text_under\">&nbsp;<\/div>\n\t\t\t\t\t\t\t\t\t\t\t\t\t\t\t\t\t\t\t\t\t\t\t<\/div><!-- .gllr_image_block -->\n\t\t\t\t\t\t\t\t\t\t\t\t\t\t\t\t\t\t\t\t\t<div class=\"gllr_image_block\">\n\t\t\t\t\t\t\t\t\t\t\t\t<p style=\"\n\t\t\t\t\t\t\t\t\t\t\t\twidth:150px;height:150px;\t\t\t\t\t\t\t\t\t\t\t\t\">\n\t\t\t\t\t\t\t\t\t\t\t\t\t\t\t\t\t\t\t\t\t\t\t\t\t\t\t\t<a data-fancybox=\"gallery_fancybox_3679\" href=\"https:\/\/aytocastillodelocubin.org\/wp-content\/uploads\/2018\/04\/pexels-photo-280209-1024x683.jpeg\" title=\"\" >\n\t\t\t\t\t\t\t\t\t\t\t\t\t\t\t\t<img loading=\"lazy\" decoding=\"async\" width=\"150\" height=\"150\" style=\"width:150px; height:150px; \" alt=\"\" title=\"\" src=\"https:\/\/aytocastillodelocubin.org\/wp-content\/uploads\/2018\/04\/pexels-photo-280209-150x150.jpeg\" rel=\"https:\/\/aytocastillodelocubin.org\/wp-content\/uploads\/2018\/04\/pexels-photo-280209.jpeg\" \/>\t\t\t\t\t\t\t\t\t\t\t\t\t\t\t<\/a>\n\t\t\t\t\t\t\t\t\t\t\t\t\t\t\t\t\t\t\t\t\t\t\t\t\t\t<\/p>\n\t\t\t\t\t\t\t\t\t\t\t\t\t\t\t\t\t\t\t\t\t\t\t\t\t<div \n\t\t\t\t\t\t\t\t\t\t\t\t\tstyle=\"width:150px;\"\t\t\t\t\t\t\t\t\t\t\t\t\tclass=\"gllr_single_image_text gllr_single_image_text_under\">&nbsp;<\/div>\n\t\t\t\t\t\t\t\t\t\t\t\t\t\t\t\t\t\t\t\t\t\t\t<\/div><!-- .gllr_image_block -->\n\t\t\t\t\t\t\t\t\t\t\t\t\t\t\t\t\t\t\t\t\t<div class=\"gllr_image_block\">\n\t\t\t\t\t\t\t\t\t\t\t\t<p style=\"\n\t\t\t\t\t\t\t\t\t\t\t\twidth:150px;height:150px;\t\t\t\t\t\t\t\t\t\t\t\t\">\n\t\t\t\t\t\t\t\t\t\t\t\t\t\t\t\t\t\t\t\t\t\t\t\t\t\t\t\t<a data-fancybox=\"gallery_fancybox_3679\" href=\"https:\/\/aytocastillodelocubin.org\/wp-content\/uploads\/2018\/04\/APBDJIC32G.jpg\" title=\"\" >\n\t\t\t\t\t\t\t\t\t\t\t\t\t\t\t\t<img loading=\"lazy\" decoding=\"async\" width=\"150\" height=\"150\" style=\"width:150px; height:150px; \" alt=\"\" title=\"\" src=\"https:\/\/aytocastillodelocubin.org\/wp-content\/uploads\/2018\/04\/APBDJIC32G-150x150.jpg\" rel=\"https:\/\/aytocastillodelocubin.org\/wp-content\/uploads\/2018\/04\/APBDJIC32G.jpg\" \/>\t\t\t\t\t\t\t\t\t\t\t\t\t\t\t<\/a>\n\t\t\t\t\t\t\t\t\t\t\t\t\t\t\t\t\t\t\t\t\t\t\t\t\t\t<\/p>\n\t\t\t\t\t\t\t\t\t\t\t\t\t\t\t\t\t\t\t\t\t\t\t\t\t<div \n\t\t\t\t\t\t\t\t\t\t\t\t\tstyle=\"width:150px;\"\t\t\t\t\t\t\t\t\t\t\t\t\tclass=\"gllr_single_image_text gllr_single_image_text_under\">&nbsp;<\/div>\n\t\t\t\t\t\t\t\t\t\t\t\t\t\t\t\t\t\t\t\t\t\t\t<\/div><!-- .gllr_image_block -->\n\t\t\t\t\t\t\t\t\t\t\t\t\t\t\t\t\t\t\t\t\t<div class=\"clear\"><\/div>\n\t\t\t\t\t\t\t\t\t\t<\/div><!-- .gllr_image_row -->\n\t\t\t\t\t\t\t\t\t\t\t\t\t\t\t\t\t<\/div><!-- .gallery.clearfix -->\n\t\t\t\t\t\t\t\t\t\t\t\t\t\t<\/div><!-- .gallery_box_single -->\n\t\t\t\t\t\t<div class=\"gllr_clear\"><\/div>\n\t\t\t\t\t\t\n<\/div>\n<h5 class=\"collapseomatic \" id=\"id69faf475edce8\"  tabindex=\"0\" title=\"Construcciones Jovimar Mavian S.L.\"    >Construcciones Jovimar Mavian S.L.<\/h5><div id=\"target-id69faf475edce8\" class=\"collapseomatic_content \">\n<p>Si necesitan hacer su vivienda, reformarla o hacer peque\u00f1as chapuzas estamos a su servicio, d\u00e1ndole presupuesto sin compromiso y garantiz\u00e1ndole el trabajo realizado.<\/p>\n<p>Localizaci\u00f3n: C\/Cuesta de la Amargura, n\u00ba 8, Castillo de Locub\u00edn<\/p>\n<p>Tel\u00e9fono de contacto: 655 842 090 &#8211; 655 842 092<\/p>\n<p>Correo electr\u00f3nico:\u00a0 <a href=\"mailto:jmpanguita@hotmail.com\">jmpanguita@hotmail.com<\/a><\/p>\n<p><a href=\"https:\/\/aytocastillodelocubin.org\/wp-content\/uploads\/2018\/04\/Copia-de-grafico-1.bmp\"><img loading=\"lazy\" decoding=\"async\" class=\"aligncenter wp-image-3848\" src=\"https:\/\/aytocastillodelocubin.org\/wp-content\/uploads\/2018\/04\/Copia-de-grafico-1.bmp\" alt=\"\" width=\"214\" height=\"161\" \/><\/a><\/p>\n<\/div>\n<h5 class=\"collapseomatic \" id=\"id69faf475edd1f\"  tabindex=\"0\" title=\"Constructora de Castillo de Locub\u00edn S.C.A. \"    >Constructora de Castillo de Locub\u00edn S.C.A. <\/h5><div id=\"target-id69faf475edd1f\" class=\"collapseomatic_content \">\n<p>Localizaci\u00f3n: C\/Almendro n\u00ba 29, Pol\u00edgono Industrial, Castillo de Locub\u00edn<\/p>\n<p>Tel\u00e9fono de contacto: 606 983 722<\/p>\n<p>Correo electr\u00f3nico: <a href=\"mailto:constructoraclocubin@hotmail.com\">constructoraclocubin@hotmail.com<\/a><\/p>\n<\/div>\n<h5 class=\"collapseomatic \" id=\"id69faf475edd48\"  tabindex=\"0\" title=\"Marmoles y granito Sierra Sur S.L.\"    >Marmoles y granito Sierra Sur S.L.<\/h5><div id=\"target-id69faf475edd48\" class=\"collapseomatic_content \">\n<p>En nuestra empresa podr\u00e1n encontrar todos cuantos materiales precisen para la construcci\u00f3n de vivienda, desde el cimiento hasta el mobiliario. Podr\u00e1n visitar nuestra exposici\u00f3n donde encontrar\u00e1n una amplia gama en cer\u00e1mica, porcel\u00e1nicos, sanitarios, grifer\u00eda, mobiliario para ba\u00f1os y terrazas. En ella les asesoraremos tanto en calidades como en el dise\u00f1o. Disponemos de una dilatada experiencia que ponemos a su servicio con el programa de dise\u00f1o 3D con el que montaremos su cocina y ba\u00f1os.<\/p>\n<p>Tambi\u00e9n disponemos de taller de elaboraci\u00f3n de todo tipo de piedras naturales, granitos, compactos, etc, con terminaciones de excelente calidad tanto en exteriores (fachadas, piscinas, jardines) e interiores (soler\u00edas, escalera, platos de ducha, encimeras de ba\u00f1os y cocinas)<\/p>\n<p>Localizaci\u00f3n: C\/Severo Ochoa, n\u00ba 58, Castillo de Locub\u00edn<\/p>\n<p>Tel\u00e9fono de contacto: 953 590 676 &#8211; 657 475 829<\/p>\n<p>Correo electr\u00f3nico:\u00a0 <a href=\"mailto:marmolesygranitosierrasur@gmail.com\">mar<\/a><a href=\"mailto:maramolesygranitosierrasur@gmail.com\">molesygranitosierrasur@gmail.com<\/a><\/p>\n<p>P\u00e1gina web:\u00a0<a href=\"https:\/\/www.facebook.com\/marmolesgranitosierrasur.materialescastillo\">https:\/\/www.facebook.com\/marmolesgranitosierrasur.materialescastillo<\/a><\/p>\n<p><a href=\"http:\/\/materiales-castillo.blogspot.com.es\/\">http:\/\/materiales-castillo.blogspot.com.es\/<\/a><\/p>\n<p><a href=\"http:\/\/marmolesygranitosierrasur.blogspot.com.es\/\">http:\/\/marmolesygranitosierrasur.blogspot.com.es\/<\/a><\/p>\n\t\t\t\t\t\t<div class=\"gallery_box_single\">\n\t\t\t\t\t\t\t\t\t\t\t\t\t\t\t<div class=\"gallery gllr_grid\" data-gllr-columns=\"6\" data-gllr-border-width=\"10\">\n\t\t\t\t\t\t\t\t\t\t\t\t\t\t\t\t\t\t\t\t<div class=\"gllr_image_row\">\n\t\t\t\t\t\t\t\t\t\t\t\t\t\t\t\t\t\t\t\t\t<div class=\"gllr_image_block\">\n\t\t\t\t\t\t\t\t\t\t\t\t<p style=\"\n\t\t\t\t\t\t\t\t\t\t\t\twidth:150px;height:150px;\t\t\t\t\t\t\t\t\t\t\t\t\">\n\t\t\t\t\t\t\t\t\t\t\t\t\t\t\t\t\t\t\t\t\t\t\t\t\t\t\t\t<a data-fancybox=\"gallery_fancybox_3844\" href=\"https:\/\/aytocastillodelocubin.org\/wp-content\/uploads\/2018\/04\/Cartel-publicitario.jpg\" title=\"\" >\n\t\t\t\t\t\t\t\t\t\t\t\t\t\t\t\t<img loading=\"lazy\" decoding=\"async\" width=\"150\" height=\"150\" style=\"width:150px; height:150px; \" alt=\"\" title=\"\" src=\"https:\/\/aytocastillodelocubin.org\/wp-content\/uploads\/2018\/04\/Cartel-publicitario-150x150.jpg\" rel=\"https:\/\/aytocastillodelocubin.org\/wp-content\/uploads\/2018\/04\/Cartel-publicitario.jpg\" \/>\t\t\t\t\t\t\t\t\t\t\t\t\t\t\t<\/a>\n\t\t\t\t\t\t\t\t\t\t\t\t\t\t\t\t\t\t\t\t\t\t\t\t\t\t<\/p>\n\t\t\t\t\t\t\t\t\t\t\t\t\t\t\t\t\t\t\t\t\t\t\t\t\t<div \n\t\t\t\t\t\t\t\t\t\t\t\t\tstyle=\"width:150px;\"\t\t\t\t\t\t\t\t\t\t\t\t\tclass=\"gllr_single_image_text gllr_single_image_text_under\">&nbsp;<\/div>\n\t\t\t\t\t\t\t\t\t\t\t\t\t\t\t\t\t\t\t\t\t\t\t<\/div><!-- .gllr_image_block -->\n\t\t\t\t\t\t\t\t\t\t\t\t\t\t\t\t\t\t\t\t\t<div class=\"gllr_image_block\">\n\t\t\t\t\t\t\t\t\t\t\t\t<p style=\"\n\t\t\t\t\t\t\t\t\t\t\t\twidth:150px;height:150px;\t\t\t\t\t\t\t\t\t\t\t\t\">\n\t\t\t\t\t\t\t\t\t\t\t\t\t\t\t\t\t\t\t\t\t\t\t\t\t\t\t\t<a data-fancybox=\"gallery_fancybox_3844\" href=\"https:\/\/aytocastillodelocubin.org\/wp-content\/uploads\/2018\/04\/Logotipo-1.jpg\" title=\"\" >\n\t\t\t\t\t\t\t\t\t\t\t\t\t\t\t\t<img loading=\"lazy\" decoding=\"async\" width=\"150\" height=\"150\" style=\"width:150px; height:150px; \" alt=\"\" title=\"\" src=\"https:\/\/aytocastillodelocubin.org\/wp-content\/uploads\/2018\/04\/Logotipo-1-150x150.jpg\" rel=\"https:\/\/aytocastillodelocubin.org\/wp-content\/uploads\/2018\/04\/Logotipo-1.jpg\" \/>\t\t\t\t\t\t\t\t\t\t\t\t\t\t\t<\/a>\n\t\t\t\t\t\t\t\t\t\t\t\t\t\t\t\t\t\t\t\t\t\t\t\t\t\t<\/p>\n\t\t\t\t\t\t\t\t\t\t\t\t\t\t\t\t\t\t\t\t\t\t\t\t\t<div \n\t\t\t\t\t\t\t\t\t\t\t\t\tstyle=\"width:150px;\"\t\t\t\t\t\t\t\t\t\t\t\t\tclass=\"gllr_single_image_text gllr_single_image_text_under\">&nbsp;<\/div>\n\t\t\t\t\t\t\t\t\t\t\t\t\t\t\t\t\t\t\t\t\t\t\t<\/div><!-- .gllr_image_block -->\n\t\t\t\t\t\t\t\t\t\t\t\t\t\t\t\t\t\t\t\t\t<div class=\"gllr_image_block\">\n\t\t\t\t\t\t\t\t\t\t\t\t<p style=\"\n\t\t\t\t\t\t\t\t\t\t\t\twidth:150px;height:150px;\t\t\t\t\t\t\t\t\t\t\t\t\">\n\t\t\t\t\t\t\t\t\t\t\t\t\t\t\t\t\t\t\t\t\t\t\t\t\t\t\t\t<a data-fancybox=\"gallery_fancybox_3844\" href=\"https:\/\/aytocastillodelocubin.org\/wp-content\/uploads\/2018\/04\/Fachada-Nave-M\u00e4rmoles-y-Granito-Sierra-Sur.jpg\" title=\"\" >\n\t\t\t\t\t\t\t\t\t\t\t\t\t\t\t\t<img loading=\"lazy\" decoding=\"async\" width=\"150\" height=\"150\" style=\"width:150px; height:150px; \" alt=\"\" title=\"\" src=\"https:\/\/aytocastillodelocubin.org\/wp-content\/uploads\/2018\/04\/Fachada-Nave-M\u00e4rmoles-y-Granito-Sierra-Sur-150x150.jpg\" rel=\"https:\/\/aytocastillodelocubin.org\/wp-content\/uploads\/2018\/04\/Fachada-Nave-M\u00e4rmoles-y-Granito-Sierra-Sur.jpg\" \/>\t\t\t\t\t\t\t\t\t\t\t\t\t\t\t<\/a>\n\t\t\t\t\t\t\t\t\t\t\t\t\t\t\t\t\t\t\t\t\t\t\t\t\t\t<\/p>\n\t\t\t\t\t\t\t\t\t\t\t\t\t\t\t\t\t\t\t\t\t\t\t\t\t<div \n\t\t\t\t\t\t\t\t\t\t\t\t\tstyle=\"width:150px;\"\t\t\t\t\t\t\t\t\t\t\t\t\tclass=\"gllr_single_image_text gllr_single_image_text_under\">&nbsp;<\/div>\n\t\t\t\t\t\t\t\t\t\t\t\t\t\t\t\t\t\t\t\t\t\t\t<\/div><!-- .gllr_image_block -->\n\t\t\t\t\t\t\t\t\t\t\t\t\t\t\t\t\t\t\t\t\t<div class=\"clear\"><\/div>\n\t\t\t\t\t\t\t\t\t\t<\/div><!-- .gllr_image_row -->\n\t\t\t\t\t\t\t\t\t\t\t\t\t\t\t\t\t<\/div><!-- .gallery.clearfix -->\n\t\t\t\t\t\t\t\t\t\t\t\t\t\t<\/div><!-- .gallery_box_single -->\n\t\t\t\t\t\t<div class=\"gllr_clear\"><\/div>\n\t\t\t\t\t\t\n<\/div>\n<h5 class=\"collapseomatic \" id=\"id69faf475ef473\"  tabindex=\"0\" title=\"Materiales Anguita\"    >Materiales Anguita<\/h5><div id=\"target-id69faf475ef473\" class=\"collapseomatic_content \">\n<p>Empresa dedicada a la venta de materiales de construcci\u00f3n, grifer\u00eda, fontaner\u00eda, sanitarios. con 40 a\u00f1os de experiencia, disponemos de una exposici\u00f3n de 300m<sup>2<\/sup> donde se exponen las \u00faltimas novedades en cer\u00e1mica. Disponemos de Cami\u00f3n gr\u00faa, cami\u00f3n portacontenedores y autohormigonera.<\/p>\n<p>Localizaci\u00f3n: C\/Manzano n\u00ba 5, Pol\u00edgono Industrial, Castillo de Locub\u00edn<\/p>\n<p>Tel\u00e9fono de contacto: 953 591 426 &#8211; 653 899 122<\/p>\n<p>Correo electr\u00f3nico: <a href=\"mailto:materialesanguita@hotmail.com\">materialesanguita@hotmail.com<\/a><\/p>\n<p><img loading=\"lazy\" decoding=\"async\" class=\"aligncenter wp-image-3841\" src=\"https:\/\/aytocastillodelocubin.org\/wp-content\/uploads\/2018\/04\/logo-2-300x103.jpg\" alt=\"\" width=\"484\" height=\"166\" srcset=\"https:\/\/aytocastillodelocubin.org\/wp-content\/uploads\/2018\/04\/logo-2-300x103.jpg 300w, https:\/\/aytocastillodelocubin.org\/wp-content\/uploads\/2018\/04\/logo-2-768x264.jpg 768w, https:\/\/aytocastillodelocubin.org\/wp-content\/uploads\/2018\/04\/logo-2-1024x353.jpg 1024w, https:\/\/aytocastillodelocubin.org\/wp-content\/uploads\/2018\/04\/logo-2-1200x413.jpg 1200w, https:\/\/aytocastillodelocubin.org\/wp-content\/uploads\/2018\/04\/logo-2-594x205.jpg 594w, https:\/\/aytocastillodelocubin.org\/wp-content\/uploads\/2018\/04\/logo-2.jpg 1266w\" sizes=\"(max-width: 484px) 100vw, 484px\" \/><\/p>\n<\/div>\n<h5 class=\"collapseomatic \" id=\"id69faf475ef4a6\"  tabindex=\"0\" title=\"Mecanizados y transformados Castillo de Locub\u00edn S.L.\"    >Mecanizados y transformados Castillo de Locub\u00edn S.L.<\/h5><div id=\"target-id69faf475ef4a6\" class=\"collapseomatic_content \">\n<p>Distribuci\u00f3n de material neum\u00e1tico, hidr\u00e1ulico y el\u00e9ctrico para la industria<\/p>\n<p>Localizaci\u00f3n: C\/El Almendro n\u00ba 11, Pol\u00edgono Industrial, Castillo de Locub\u00edn<\/p>\n<p>Tel\u00e9fono de contacto: 669 417 292<\/p>\n<p>Correo electr\u00f3nico: <a href=\"mailto:rruiz@mtastillo.es\">rruiz@mtastillo.es<\/a><\/p>\n<p><img loading=\"lazy\" decoding=\"async\" class=\"aligncenter wp-image-3866\" src=\"https:\/\/aytocastillodelocubin.org\/wp-content\/uploads\/2018\/04\/MTC-300x113.jpg\" alt=\"\" width=\"342\" height=\"129\" srcset=\"https:\/\/aytocastillodelocubin.org\/wp-content\/uploads\/2018\/04\/MTC-300x113.jpg 300w, https:\/\/aytocastillodelocubin.org\/wp-content\/uploads\/2018\/04\/MTC-594x225.jpg 594w, https:\/\/aytocastillodelocubin.org\/wp-content\/uploads\/2018\/04\/MTC.jpg 640w\" sizes=\"(max-width: 342px) 100vw, 342px\" \/><\/p>\n<\/div>\n<h5 class=\"collapseomatic \" id=\"id69faf475ef4cc\"  tabindex=\"0\" title=\"Paco Cord\u00f3n S.U.L.\"    >Paco Cord\u00f3n S.U.L.<\/h5><div id=\"target-id69faf475ef4cc\" class=\"collapseomatic_content \">\n<p>Estructuras, reformas y contratas de todo tipo de alba\u00f1iler\u00eda<\/p>\n<p>Localizaci\u00f3n: C\/Empedrada, n\u00ba 42, Castillo de Locub\u00edn<\/p>\n<p>Tel\u00e9fono de contacto: 645 822 88 &#8211; 953 591 385<\/p>\n<p>Correo electr\u00f3nico: <a href=\"mailto:marta_89_gasgas@hotmail.com\">marta_89_gasgas@hotmail.com<\/a><\/p>\n<\/div>\n<p>&nbsp;<\/p>\n<p>&nbsp;<\/p>\n","protected":false},"excerpt":{"rendered":"<p>&nbsp; &nbsp;<\/p>\n","protected":false},"author":1,"featured_media":1612,"parent":0,"menu_order":0,"comment_status":"closed","ping_status":"closed","template":"","meta":{"footnotes":""},"_links":{"self":[{"href":"https:\/\/aytocastillodelocubin.org\/index.php?rest_route=\/wp\/v2\/pages\/3627"}],"collection":[{"href":"https:\/\/aytocastillodelocubin.org\/index.php?rest_route=\/wp\/v2\/pages"}],"about":[{"href":"https:\/\/aytocastillodelocubin.org\/index.php?rest_route=\/wp\/v2\/types\/page"}],"author":[{"embeddable":true,"href":"https:\/\/aytocastillodelocubin.org\/index.php?rest_route=\/wp\/v2\/users\/1"}],"replies":[{"embeddable":true,"href":"https:\/\/aytocastillodelocubin.org\/index.php?rest_route=%2Fwp%2Fv2%2Fcomments&post=3627"}],"version-history":[{"count":7,"href":"https:\/\/aytocastillodelocubin.org\/index.php?rest_route=\/wp\/v2\/pages\/3627\/revisions"}],"predecessor-version":[{"id":4029,"href":"https:\/\/aytocastillodelocubin.org\/index.php?rest_route=\/wp\/v2\/pages\/3627\/revisions\/4029"}],"wp:featuredmedia":[{"embeddable":true,"href":"https:\/\/aytocastillodelocubin.org\/index.php?rest_route=\/wp\/v2\/media\/1612"}],"wp:attachment":[{"href":"https:\/\/aytocastillodelocubin.org\/index.php?rest_route=%2Fwp%2Fv2%2Fmedia&parent=3627"}],"curies":[{"name":"wp","href":"https:\/\/api.w.org\/{rel}","templated":true}]}}