{"id":3631,"date":"2018-04-24T08:30:36","date_gmt":"2018-04-24T08:30:36","guid":{"rendered":"http:\/\/aytocastillodelocubin.org\/?page_id=3631"},"modified":"2018-04-26T10:09:09","modified_gmt":"2018-04-26T10:09:09","slug":"fotografia","status":"publish","type":"page","link":"https:\/\/aytocastillodelocubin.org\/?page_id=3631","title":{"rendered":"Fotograf\u00eda"},"content":{"rendered":"<h5 style=\"text-align: left;\"><strong>Lumine Fotograf\u00eda<\/strong><\/h5>\n<p class=\"mg-sm text-j ustify\" align=\"justify\">Somos fot\u00f3grafos creadores de recuerdos, porque los momentos felices de la vida merecen ser recordados siempre.<\/p>\n<p>Tel\u00e9fono de contacto: 615 485 785<\/p>\n<p>Correo electr\u00f3nico:\u00a0<a href=\"mailto:info@luminefotografia.com\">info@luminefotografia.com<\/a><\/p>\n<p>P\u00e1gina web:\u00a0<a href=\"http:\/\/www.luminefotografia.com\">http:\/\/www.luminefotografia.com<\/a><\/p>\n<p>&nbsp;<\/p>\n<p><img loading=\"lazy\" decoding=\"async\" class=\"aligncenter size-medium wp-image-3756\" src=\"https:\/\/aytocastillodelocubin.org\/wp-content\/uploads\/2018\/04\/logo--300x196.jpg\" alt=\"\" width=\"300\" height=\"196\" srcset=\"https:\/\/aytocastillodelocubin.org\/wp-content\/uploads\/2018\/04\/logo--300x196.jpg 300w, https:\/\/aytocastillodelocubin.org\/wp-content\/uploads\/2018\/04\/logo--768x502.jpg 768w, https:\/\/aytocastillodelocubin.org\/wp-content\/uploads\/2018\/04\/logo--1024x669.jpg 1024w, https:\/\/aytocastillodelocubin.org\/wp-content\/uploads\/2018\/04\/logo--1200x784.jpg 1200w, https:\/\/aytocastillodelocubin.org\/wp-content\/uploads\/2018\/04\/logo--594x388.jpg 594w\" sizes=\"(max-width: 300px) 100vw, 300px\" \/><\/p>\n","protected":false},"excerpt":{"rendered":"<p>Lumine Fotograf\u00eda Somos fot\u00f3grafos creadores de recuerdos, porque los momentos felices de la vida merecen ser recordados siempre. Tel\u00e9fono de contacto: 615 485 785 Correo electr\u00f3nico:\u00a0info@luminefotografia.com P\u00e1gina web:\u00a0http:\/\/www.luminefotografia.com &nbsp;<\/p>\n","protected":false},"author":1,"featured_media":1612,"parent":0,"menu_order":0,"comment_status":"closed","ping_status":"closed","template":"","meta":{"footnotes":""},"_links":{"self":[{"href":"https:\/\/aytocastillodelocubin.org\/index.php?rest_route=\/wp\/v2\/pages\/3631"}],"collection":[{"href":"https:\/\/aytocastillodelocubin.org\/index.php?rest_route=\/wp\/v2\/pages"}],"about":[{"href":"https:\/\/aytocastillodelocubin.org\/index.php?rest_route=\/wp\/v2\/types\/page"}],"author":[{"embeddable":true,"href":"https:\/\/aytocastillodelocubin.org\/index.php?rest_route=\/wp\/v2\/users\/1"}],"replies":[{"embeddable":true,"href":"https:\/\/aytocastillodelocubin.org\/index.php?rest_route=%2Fwp%2Fv2%2Fcomments&post=3631"}],"version-history":[{"count":5,"href":"https:\/\/aytocastillodelocubin.org\/index.php?rest_route=\/wp\/v2\/pages\/3631\/revisions"}],"predecessor-version":[{"id":3861,"href":"https:\/\/aytocastillodelocubin.org\/index.php?rest_route=\/wp\/v2\/pages\/3631\/revisions\/3861"}],"wp:featuredmedia":[{"embeddable":true,"href":"https:\/\/aytocastillodelocubin.org\/index.php?rest_route=\/wp\/v2\/media\/1612"}],"wp:attachment":[{"href":"https:\/\/aytocastillodelocubin.org\/index.php?rest_route=%2Fwp%2Fv2%2Fmedia&parent=3631"}],"curies":[{"name":"wp","href":"https:\/\/api.w.org\/{rel}","templated":true}]}}