{"id":3633,"date":"2018-04-24T08:33:45","date_gmt":"2018-04-24T08:33:45","guid":{"rendered":"http:\/\/aytocastillodelocubin.org\/?page_id=3633"},"modified":"2018-04-26T16:52:24","modified_gmt":"2018-04-26T16:52:24","slug":"transportes-de-mercancias","status":"publish","type":"page","link":"https:\/\/aytocastillodelocubin.org\/?page_id=3633","title":{"rendered":"Transportes de mercanc\u00edas"},"content":{"rendered":"<h5 class=\"collapseomatic \" id=\"id69faf3f747817\"  tabindex=\"0\" title=\"Transportes Barranco e Hijos y Uno S.L.\"    >Transportes Barranco e Hijos y Uno S.L.<\/h5><div id=\"target-id69faf3f747817\" class=\"collapseomatic_content \">\n<p>Localizaci\u00f3n: Ctra. Granada, km 371.2, Ventas del Carrizal<\/p>\n<p>Tel\u00e9fono de contacto: 953 595 196<\/p>\n<p>Correo electr\u00f3nico: <a href=\"mailto:barranco@transportesbarranco.com\">barranco@transportesbarranco.com<\/a><\/p>\n\t\t\t\t\t\t<div class=\"gallery_box_single\">\n\t\t\t\t\t\t\t\t\t\t\t\t\t\t\t<div class=\"gallery gllr_grid\" data-gllr-columns=\"6\" data-gllr-border-width=\"10\">\n\t\t\t\t\t\t\t\t\t\t\t\t\t\t\t\t\t\t\t\t<div class=\"gllr_image_row\">\n\t\t\t\t\t\t\t\t\t\t\t\t\t\t\t\t\t\t\t\t\t<div class=\"gllr_image_block\">\n\t\t\t\t\t\t\t\t\t\t\t\t<p style=\"\n\t\t\t\t\t\t\t\t\t\t\t\twidth:150px;height:150px;\t\t\t\t\t\t\t\t\t\t\t\t\">\n\t\t\t\t\t\t\t\t\t\t\t\t\t\t\t\t\t\t\t\t\t\t\t\t\t\t\t\t<a data-fancybox=\"gallery_fancybox_3918\" href=\"https:\/\/aytocastillodelocubin.org\/wp-content\/uploads\/2018\/04\/calendario-2007-b-1-copia-1024x724.jpg\" title=\"\" >\n\t\t\t\t\t\t\t\t\t\t\t\t\t\t\t\t<img loading=\"lazy\" decoding=\"async\" width=\"150\" height=\"150\" style=\"width:150px; height:150px; \" alt=\"\" title=\"\" src=\"https:\/\/aytocastillodelocubin.org\/wp-content\/uploads\/2018\/04\/calendario-2007-b-1-copia-150x150.jpg\" rel=\"https:\/\/aytocastillodelocubin.org\/wp-content\/uploads\/2018\/04\/calendario-2007-b-1-copia.jpg\" \/>\t\t\t\t\t\t\t\t\t\t\t\t\t\t\t<\/a>\n\t\t\t\t\t\t\t\t\t\t\t\t\t\t\t\t\t\t\t\t\t\t\t\t\t\t<\/p>\n\t\t\t\t\t\t\t\t\t\t\t\t\t\t\t\t\t\t\t\t\t\t\t\t\t<div \n\t\t\t\t\t\t\t\t\t\t\t\t\tstyle=\"width:150px;\"\t\t\t\t\t\t\t\t\t\t\t\t\tclass=\"gllr_single_image_text gllr_single_image_text_under\">&nbsp;<\/div>\n\t\t\t\t\t\t\t\t\t\t\t\t\t\t\t\t\t\t\t\t\t\t\t<\/div><!-- .gllr_image_block -->\n\t\t\t\t\t\t\t\t\t\t\t\t\t\t\t\t\t\t\t\t\t<div class=\"gllr_image_block\">\n\t\t\t\t\t\t\t\t\t\t\t\t<p style=\"\n\t\t\t\t\t\t\t\t\t\t\t\twidth:150px;height:150px;\t\t\t\t\t\t\t\t\t\t\t\t\">\n\t\t\t\t\t\t\t\t\t\t\t\t\t\t\t\t\t\t\t\t\t\t\t\t\t\t\t\t<a data-fancybox=\"gallery_fancybox_3918\" href=\"https:\/\/aytocastillodelocubin.org\/wp-content\/uploads\/2018\/04\/calendario-2007-c-copia-1024x724.jpg\" title=\"\" >\n\t\t\t\t\t\t\t\t\t\t\t\t\t\t\t\t<img loading=\"lazy\" decoding=\"async\" width=\"150\" height=\"150\" style=\"width:150px; height:150px; \" alt=\"\" title=\"\" src=\"https:\/\/aytocastillodelocubin.org\/wp-content\/uploads\/2018\/04\/calendario-2007-c-copia-150x150.jpg\" rel=\"https:\/\/aytocastillodelocubin.org\/wp-content\/uploads\/2018\/04\/calendario-2007-c-copia.jpg\" \/>\t\t\t\t\t\t\t\t\t\t\t\t\t\t\t<\/a>\n\t\t\t\t\t\t\t\t\t\t\t\t\t\t\t\t\t\t\t\t\t\t\t\t\t\t<\/p>\n\t\t\t\t\t\t\t\t\t\t\t\t\t\t\t\t\t\t\t\t\t\t\t\t\t<div \n\t\t\t\t\t\t\t\t\t\t\t\t\tstyle=\"width:150px;\"\t\t\t\t\t\t\t\t\t\t\t\t\tclass=\"gllr_single_image_text gllr_single_image_text_under\">&nbsp;<\/div>\n\t\t\t\t\t\t\t\t\t\t\t\t\t\t\t\t\t\t\t\t\t\t\t<\/div><!-- .gllr_image_block -->\n\t\t\t\t\t\t\t\t\t\t\t\t\t\t\t\t\t\t\t\t\t<div class=\"clear\"><\/div>\n\t\t\t\t\t\t\t\t\t\t<\/div><!-- .gllr_image_row -->\n\t\t\t\t\t\t\t\t\t\t\t\t\t\t\t\t\t<\/div><!-- .gallery.clearfix -->\n\t\t\t\t\t\t\t\t\t\t\t\t\t\t<\/div><!-- .gallery_box_single -->\n\t\t\t\t\t\t<div class=\"gllr_clear\"><\/div>\n\t\t\t\t\t\t\n<\/div>\n<h5 class=\"collapseomatic \" id=\"id69faf3f74933c\"  tabindex=\"0\" title=\"Transportes Trigo\"    >Transportes Trigo<\/h5><div id=\"target-id69faf3f74933c\" class=\"collapseomatic_content \">\n<p>Transporte de \u00e1ridos, escombros y movimientos de tierra en general al servicio publico con ba\u00f1era y cami\u00f3n tipo dumper.<\/p>\n<p>Localizaci\u00f3n: C\/Veracruz, n\u00ba 27\/2\u00ba, Castillo de Locub\u00edn<\/p>\n<p>Tel\u00e9fono de contacto: 606 648 076<\/p>\n<p>Correo electr\u00f3nico: <a href=\"mailto:artrigpe@gmail.com\">artrigpe@gmail.com<\/a><\/p>\n<\/div>\n","protected":false},"excerpt":{"rendered":"","protected":false},"author":1,"featured_media":1612,"parent":0,"menu_order":0,"comment_status":"closed","ping_status":"closed","template":"","meta":{"footnotes":""},"_links":{"self":[{"href":"https:\/\/aytocastillodelocubin.org\/index.php?rest_route=\/wp\/v2\/pages\/3633"}],"collection":[{"href":"https:\/\/aytocastillodelocubin.org\/index.php?rest_route=\/wp\/v2\/pages"}],"about":[{"href":"https:\/\/aytocastillodelocubin.org\/index.php?rest_route=\/wp\/v2\/types\/page"}],"author":[{"embeddable":true,"href":"https:\/\/aytocastillodelocubin.org\/index.php?rest_route=\/wp\/v2\/users\/1"}],"replies":[{"embeddable":true,"href":"https:\/\/aytocastillodelocubin.org\/index.php?rest_route=%2Fwp%2Fv2%2Fcomments&post=3633"}],"version-history":[{"count":3,"href":"https:\/\/aytocastillodelocubin.org\/index.php?rest_route=\/wp\/v2\/pages\/3633\/revisions"}],"predecessor-version":[{"id":3922,"href":"https:\/\/aytocastillodelocubin.org\/index.php?rest_route=\/wp\/v2\/pages\/3633\/revisions\/3922"}],"wp:featuredmedia":[{"embeddable":true,"href":"https:\/\/aytocastillodelocubin.org\/index.php?rest_route=\/wp\/v2\/media\/1612"}],"wp:attachment":[{"href":"https:\/\/aytocastillodelocubin.org\/index.php?rest_route=%2Fwp%2Fv2%2Fmedia&parent=3633"}],"curies":[{"name":"wp","href":"https:\/\/api.w.org\/{rel}","templated":true}]}}