{"id":490,"date":"2017-06-28T09:05:34","date_gmt":"2017-06-28T09:05:34","guid":{"rendered":"http:\/\/aytocastillodelocubin.org\/?page_id=490"},"modified":"2017-08-03T10:32:37","modified_gmt":"2017-08-03T10:32:37","slug":"parroquia-de-san-pedro-apostol","status":"publish","type":"page","link":"https:\/\/aytocastillodelocubin.org\/?page_id=490","title":{"rendered":"Iglesia de San Pedro Ap\u00f3stol"},"content":{"rendered":"<p class=\"mg-sm text-justify\" align=\"justify\">Construida hacia 1580, se efectuaron diversas reformas y ampliaciones. La portada principal es atribuida a Juan de Aranda Salazar, con columnas d\u00f3ricas que culminan en una hornacina con un San Pedro Ap\u00f3stol; el lateral es atribuido a Gin\u00e9s de Mart\u00ednez de Aranda. Fue restaurada tras la Guerra Civil. Incoado como Bien de Inter\u00e9s Cultural.<\/p>\n<p>Tel\u00e9fono: 953 590 467<\/p>\n<p><iframe loading=\"lazy\" style=\"border: 0;\" src=\"https:\/\/www.google.com\/maps\/embed?pb=!1m18!1m12!1m3!1d3164.107633636198!2d-3.9468185846894177!3d37.528959979804895!2m3!1f0!2f0!3f0!3m2!1i1024!2i768!4f13.1!3m3!1m2!1s0xd6de8ffa09488c1%3A0x136f569f1141a711!2sParroquia+de+San+Pedro+Ap%C3%B3stol!5e0!3m2!1ses!2ses!4v1501153840123\" width=\"600\" height=\"450\" frameborder=\"0\" allowfullscreen=\"allowfullscreen\"><\/iframe><\/p>\n","protected":false},"excerpt":{"rendered":"<p>Construida hacia 1580, se efectuaron diversas reformas y ampliaciones. La portada principal es atribuida a Juan de Aranda Salazar, con columnas d\u00f3ricas que culminan en una hornacina con un San Pedro Ap\u00f3stol; el lateral es atribuido a Gin\u00e9s de Mart\u00ednez de Aranda. Fue restaurada tras la Guerra Civil. Incoado como Bien de Inter\u00e9s Cultural. Tel\u00e9fono: [&hellip;]<\/p>\n","protected":false},"author":1,"featured_media":800,"parent":0,"menu_order":0,"comment_status":"closed","ping_status":"closed","template":"","meta":{"footnotes":""},"_links":{"self":[{"href":"https:\/\/aytocastillodelocubin.org\/index.php?rest_route=\/wp\/v2\/pages\/490"}],"collection":[{"href":"https:\/\/aytocastillodelocubin.org\/index.php?rest_route=\/wp\/v2\/pages"}],"about":[{"href":"https:\/\/aytocastillodelocubin.org\/index.php?rest_route=\/wp\/v2\/types\/page"}],"author":[{"embeddable":true,"href":"https:\/\/aytocastillodelocubin.org\/index.php?rest_route=\/wp\/v2\/users\/1"}],"replies":[{"embeddable":true,"href":"https:\/\/aytocastillodelocubin.org\/index.php?rest_route=%2Fwp%2Fv2%2Fcomments&post=490"}],"version-history":[{"count":5,"href":"https:\/\/aytocastillodelocubin.org\/index.php?rest_route=\/wp\/v2\/pages\/490\/revisions"}],"predecessor-version":[{"id":1331,"href":"https:\/\/aytocastillodelocubin.org\/index.php?rest_route=\/wp\/v2\/pages\/490\/revisions\/1331"}],"wp:featuredmedia":[{"embeddable":true,"href":"https:\/\/aytocastillodelocubin.org\/index.php?rest_route=\/wp\/v2\/media\/800"}],"wp:attachment":[{"href":"https:\/\/aytocastillodelocubin.org\/index.php?rest_route=%2Fwp%2Fv2%2Fmedia&parent=490"}],"curies":[{"name":"wp","href":"https:\/\/api.w.org\/{rel}","templated":true}]}}