{"id":5875,"date":"2020-04-06T11:21:55","date_gmt":"2020-04-06T11:21:55","guid":{"rendered":"http:\/\/aytocastillodelocubin.org\/?page_id=5875"},"modified":"2020-04-07T17:00:40","modified_gmt":"2020-04-07T17:00:40","slug":"videos-semana-santa","status":"publish","type":"page","link":"https:\/\/aytocastillodelocubin.org\/?page_id=5875","title":{"rendered":"Videos Semana Santa"},"content":{"rendered":"<table>\n<tbody>\n<tr>\n<td style=\"width: 75%; text-align: center;\"><strong><a href=\"https:\/\/youtu.be\/KUCOLINNCEU\" rel=\"noopener noreferrer\" target=\"_blank\">Semana Santa Castillo de Locub\u00edn de Locub\u00edn. A\u00f1o 1992<\/a><br \/>\n<\/strong><\/td>\n<td style=\"width: 25%;\"><img loading=\"lazy\" decoding=\"async\" src=\"https:\/\/aytocastillodelocubin.org\/wp-content\/uploads\/2020\/04\/videosemanasanta1992-300x169.jpg\" alt=\"\" width=\"300\" height=\"200\" class=\"alignnone size-medium wp-image-5888\" \/><\/a><\/td>\n<\/tr>\n<tr>\n<td style=\"width: 75%; text-align: center;\"><strong><a href=\"https:\/\/youtu.be\/O_fwilPgwqc\" rel=\"noopener noreferrer\" target=\"_blank\">Semana Santa Castillo de Locub\u00edn. A\u00f1o 1996 (1\u00aa parte)<\/a><br \/>\n<\/strong><\/td>\n<td style=\"width: 25%;\"><img loading=\"lazy\" decoding=\"async\" src=\"https:\/\/aytocastillodelocubin.org\/wp-content\/uploads\/2020\/04\/videosemanasanta1996_1-300x169.jpg\" alt=\"\" width=\"300\" height=\"200\" class=\"alignnone size-medium wp-image-5893\" \/><\/a><\/td>\n<\/tr>\n<tr>\n<td style=\"width: 75%; text-align: center;\"><strong><a href=\"https:\/\/youtu.be\/FnSwGfhC6oU\" target=\"_blank\" rel=\"noopener noreferrer\">Semana Santa Castillo de Locubin. A\u00f1o 1996 (2\u00aa Parte)<\/a><br \/>\n<\/strong><\/td>\n<td style=\"width: 25%;\"><img loading=\"lazy\" decoding=\"async\" src=\"https:\/\/aytocastillodelocubin.org\/wp-content\/uploads\/2020\/04\/videosemanasanta1996_2-300x169.jpg\" alt=\"\" width=\"300\" height=\"200\" class=\"alignnone size-medium wp-image-5895\" \/><\/a><\/td>\n<\/tr>\n<tr>\n<td style=\"width: 75%; text-align: center;\"><strong><a href=\"https:\/\/youtu.be\/yns2w-foppk\" rel=\"noopener noreferrer\" target=\"_blank\">Semana Santa Castillo de Locubin. A\u00f1o 1996 (3\u00aa Parte)<\/a><br \/>\n<\/strong><\/td>\n<td style=\"width: 25%;\"><img loading=\"lazy\" decoding=\"async\" src=\"https:\/\/aytocastillodelocubin.org\/wp-content\/uploads\/2020\/04\/videosemanasanta1996_3-300x169.jpg\" alt=\"\" width=\"300\" height=\"200\" class=\"alignnone size-medium wp-image-5911\" \/><\/td>\n<\/tr>\n<tr>\n<td style=\"width: 75%; text-align: center;\"><strong><a href=\"https:\/\/youtu.be\/77VR5NIaOzs\" target=\"_blank\" rel=\"noopener noreferrer\">Semana Santa Castillo de Locubin. A\u00f1o 1996 (4\u00aa Parte)<\/a><br \/>\n<\/strong><\/td>\n<td style=\"width: 25%;\"><img loading=\"lazy\" decoding=\"async\" src=\"https:\/\/aytocastillodelocubin.org\/wp-content\/uploads\/2020\/04\/videosemanasanta1996_4-300x169.jpg\" alt=\"\" width=\"300\" height=\"200\" class=\"alignnone size-medium wp-image-5899\" \/><\/td>\n<\/tr>\n<tr>\n<td style=\"width: 75%; text-align: center;\"><strong><a href=\"https:\/\/youtu.be\/Cf1NSFHIrBc\" target=\"_blank\" rel=\"noopener noreferrer\">Semana Santa Castillo de Locubin. Viernes Santo. A\u00f1o 2013. Autor: Manuel Jim\u00e9nez <\/a><br \/>\n<\/strong><\/td>\n<p><\/strong><\/td>\n<td style=\"width: 25%;\"><img loading=\"lazy\" decoding=\"async\" src=\"https:\/\/aytocastillodelocubin.org\/wp-content\/uploads\/2020\/04\/videosemanasanta2013_manueljimenez-300x169.jpg\" alt=\"\" width=\"300\" height=\"169\" class=\"alignnone size-medium wp-image-5933\" srcset=\"https:\/\/aytocastillodelocubin.org\/wp-content\/uploads\/2020\/04\/videosemanasanta2013_manueljimenez-300x169.jpg 300w, https:\/\/aytocastillodelocubin.org\/wp-content\/uploads\/2020\/04\/videosemanasanta2013_manueljimenez.jpg 320w\" sizes=\"(max-width: 300px) 100vw, 300px\" \/><\/td>\n<\/tr>\n<tr>\n<td style=\"width: 75%; text-align: center;\"><strong><a href=\"https:\/\/youtu.be\/39VoGJLFXgk\" target=\"_blank\" rel=\"noopener noreferrer\">Semana Santa Castillo de Locubin. A\u00f1o 2014. Autor: Manuel Jim\u00e9nez <\/a><br \/>\n<\/strong><\/td>\n<p><\/strong><\/td>\n<td style=\"width: 25%;\"><img loading=\"lazy\" decoding=\"async\" src=\"https:\/\/aytocastillodelocubin.org\/wp-content\/uploads\/2020\/04\/videosemanasanta2014_manueljimenez-300x169.jpg\" alt=\"\" width=\"300\" height=\"169\" class=\"alignnone size-medium wp-image-5935\" srcset=\"https:\/\/aytocastillodelocubin.org\/wp-content\/uploads\/2020\/04\/videosemanasanta2014_manueljimenez-300x169.jpg 300w, https:\/\/aytocastillodelocubin.org\/wp-content\/uploads\/2020\/04\/videosemanasanta2014_manueljimenez.jpg 320w\" sizes=\"(max-width: 300px) 100vw, 300px\" \/><\/td>\n<\/tr>\n<tr>\n<td style=\"width: 75%; text-align: center;\"><strong><a href=\"https:\/\/youtu.be\/zg6GQihm9h8\" target=\"_blank\" rel=\"noopener noreferrer\">Semana Santa Castillo de Locubin. A\u00f1o 2015. Autor: Manuel Jim\u00e9nez <\/a><br \/>\n<\/strong><\/td>\n<p><\/strong><\/td>\n<td style=\"width: 25%;\"><img loading=\"lazy\" decoding=\"async\" src=\"https:\/\/aytocastillodelocubin.org\/wp-content\/uploads\/2020\/04\/videosemanasanta2015_manueljimenez-300x169.jpg\" alt=\"\" width=\"300\" height=\"200\" class=\"alignnone size-medium wp-image-5900\" \/><\/td>\n<\/tr>\n<tr>\n<td style=\"width: 75%; text-align: center;\"><strong><a href=\"https:\/\/youtu.be\/C3wpNOHalM8\" target=\"_blank\" rel=\"noopener noreferrer\">Semana Santa Castillo de Locubin. A\u00f1o 2016 <\/a><br \/>\n<\/strong><\/td>\n<p><\/strong><\/td>\n<td style=\"width: 25%;\"><img loading=\"lazy\" decoding=\"async\" src=\"https:\/\/aytocastillodelocubin.org\/wp-content\/uploads\/2020\/04\/videosemanasanta2016-300x169.jpg\" alt=\"\" width=\"300\" height=\"169\" class=\"alignnone size-medium wp-image-5930\" \/><\/td>\n<\/tr>\n<\/table>\n<\/tbody>\n","protected":false},"excerpt":{"rendered":"<p>Semana Santa Castillo de Locub\u00edn de Locub\u00edn. A\u00f1o 1992 Semana Santa Castillo de Locub\u00edn. A\u00f1o 1996 (1\u00aa parte) Semana Santa Castillo de Locubin. A\u00f1o 1996 (2\u00aa Parte) Semana Santa Castillo de Locubin. A\u00f1o 1996 (3\u00aa Parte) Semana Santa Castillo de Locubin. A\u00f1o 1996 (4\u00aa Parte) Semana Santa Castillo de Locubin. Viernes Santo. A\u00f1o 2013. Autor: [&hellip;]<\/p>\n","protected":false},"author":4,"featured_media":5916,"parent":0,"menu_order":0,"comment_status":"closed","ping_status":"closed","template":"","meta":{"footnotes":""},"_links":{"self":[{"href":"https:\/\/aytocastillodelocubin.org\/index.php?rest_route=\/wp\/v2\/pages\/5875"}],"collection":[{"href":"https:\/\/aytocastillodelocubin.org\/index.php?rest_route=\/wp\/v2\/pages"}],"about":[{"href":"https:\/\/aytocastillodelocubin.org\/index.php?rest_route=\/wp\/v2\/types\/page"}],"author":[{"embeddable":true,"href":"https:\/\/aytocastillodelocubin.org\/index.php?rest_route=\/wp\/v2\/users\/4"}],"replies":[{"embeddable":true,"href":"https:\/\/aytocastillodelocubin.org\/index.php?rest_route=%2Fwp%2Fv2%2Fcomments&post=5875"}],"version-history":[{"count":23,"href":"https:\/\/aytocastillodelocubin.org\/index.php?rest_route=\/wp\/v2\/pages\/5875\/revisions"}],"predecessor-version":[{"id":5937,"href":"https:\/\/aytocastillodelocubin.org\/index.php?rest_route=\/wp\/v2\/pages\/5875\/revisions\/5937"}],"wp:featuredmedia":[{"embeddable":true,"href":"https:\/\/aytocastillodelocubin.org\/index.php?rest_route=\/wp\/v2\/media\/5916"}],"wp:attachment":[{"href":"https:\/\/aytocastillodelocubin.org\/index.php?rest_route=%2Fwp%2Fv2%2Fmedia&parent=5875"}],"curies":[{"name":"wp","href":"https:\/\/api.w.org\/{rel}","templated":true}]}}