{"id":7058,"date":"2021-02-18T11:37:11","date_gmt":"2021-02-18T11:37:11","guid":{"rendered":"http:\/\/aytocastillodelocubin.org\/?page_id=7058"},"modified":"2021-02-19T12:58:30","modified_gmt":"2021-02-19T12:58:30","slug":"carnaval-2020","status":"publish","type":"page","link":"https:\/\/aytocastillodelocubin.org\/?page_id=7058","title":{"rendered":"Carnaval 2020"},"content":{"rendered":"<p style=\"text-align: center;\"><strong>Castillo de Locub\u00edn<\/strong><\/p>\n<blockquote class=\"wp-embedded-content\" data-secret=\"w4Wy7fZhwY\"><p><a href=\"https:\/\/vivirjaen.com\/carnaval-de-alegria-y-color-en-castillo-de-locubin\/\">Carnaval de alegr\u00eda y color en Castillo de Locub\u00edn<\/a><\/p><\/blockquote>\n<p><iframe class=\"wp-embedded-content\" sandbox=\"allow-scripts\" security=\"restricted\" style=\"position: absolute; clip: rect(1px, 1px, 1px, 1px);\" title=\"\u00abCarnaval de alegr\u00eda y color en Castillo de Locub\u00edn\u00bb \u2014 VIVIR JAEN\" src=\"https:\/\/vivirjaen.com\/carnaval-de-alegria-y-color-en-castillo-de-locubin\/embed\/#?secret=w4Wy7fZhwY\" data-secret=\"w4Wy7fZhwY\" width=\"600\" height=\"338\" frameborder=\"0\" marginwidth=\"0\" marginheight=\"0\" scrolling=\"no\"><\/iframe><\/p>\n","protected":false},"excerpt":{"rendered":"<p>Castillo de Locub\u00edn Carnaval de alegr\u00eda y color en Castillo de Locub\u00edn<\/p>\n","protected":false},"author":5,"featured_media":0,"parent":0,"menu_order":0,"comment_status":"closed","ping_status":"closed","template":"","meta":{"footnotes":""},"_links":{"self":[{"href":"https:\/\/aytocastillodelocubin.org\/index.php?rest_route=\/wp\/v2\/pages\/7058"}],"collection":[{"href":"https:\/\/aytocastillodelocubin.org\/index.php?rest_route=\/wp\/v2\/pages"}],"about":[{"href":"https:\/\/aytocastillodelocubin.org\/index.php?rest_route=\/wp\/v2\/types\/page"}],"author":[{"embeddable":true,"href":"https:\/\/aytocastillodelocubin.org\/index.php?rest_route=\/wp\/v2\/users\/5"}],"replies":[{"embeddable":true,"href":"https:\/\/aytocastillodelocubin.org\/index.php?rest_route=%2Fwp%2Fv2%2Fcomments&post=7058"}],"version-history":[{"count":5,"href":"https:\/\/aytocastillodelocubin.org\/index.php?rest_route=\/wp\/v2\/pages\/7058\/revisions"}],"predecessor-version":[{"id":7856,"href":"https:\/\/aytocastillodelocubin.org\/index.php?rest_route=\/wp\/v2\/pages\/7058\/revisions\/7856"}],"wp:attachment":[{"href":"https:\/\/aytocastillodelocubin.org\/index.php?rest_route=%2Fwp%2Fv2%2Fmedia&parent=7058"}],"curies":[{"name":"wp","href":"https:\/\/api.w.org\/{rel}","templated":true}]}}