{"id":753,"date":"2017-07-10T07:18:45","date_gmt":"2017-07-10T07:18:45","guid":{"rendered":"http:\/\/aytocastillodelocubin.org\/?page_id=753"},"modified":"2017-07-21T11:22:48","modified_gmt":"2017-07-21T11:22:48","slug":"hoyo-piedra","status":"publish","type":"page","link":"https:\/\/aytocastillodelocubin.org\/?page_id=753","title":{"rendered":"Hoyo Piedra"},"content":{"rendered":"<p class=\"mg-sm text-justify\" align=\"justify\">En esta pedan\u00eda se celebra la romer\u00eda en honor a la<a href=\"https:\/\/aytocastillodelocubin.org\/?page_id=854\"> Virgen de la Cabeza<\/a>. Se caracteriza por poseer varias fuentes de aguas subterr\u00e1neas, entre las que destaca la Fuente de Hoyo Piedra, tambi\u00e9n denominada Fuente de La Tosquilla, que abastece a unos 20 cortijos de la zona y el resto se utiliza para el riesgo.<\/p>\n<p class=\"mg-sm text-justify\" align=\"justify\">\n","protected":false},"excerpt":{"rendered":"<p>En esta pedan\u00eda se celebra la romer\u00eda en honor a la Virgen de la Cabeza. Se caracteriza por poseer varias fuentes de aguas subterr\u00e1neas, entre las que destaca la Fuente de Hoyo Piedra, tambi\u00e9n denominada Fuente de La Tosquilla, que abastece a unos 20 cortijos de la zona y el resto se utiliza para el [&hellip;]<\/p>\n","protected":false},"author":1,"featured_media":0,"parent":0,"menu_order":0,"comment_status":"closed","ping_status":"closed","template":"","meta":{"footnotes":""},"_links":{"self":[{"href":"https:\/\/aytocastillodelocubin.org\/index.php?rest_route=\/wp\/v2\/pages\/753"}],"collection":[{"href":"https:\/\/aytocastillodelocubin.org\/index.php?rest_route=\/wp\/v2\/pages"}],"about":[{"href":"https:\/\/aytocastillodelocubin.org\/index.php?rest_route=\/wp\/v2\/types\/page"}],"author":[{"embeddable":true,"href":"https:\/\/aytocastillodelocubin.org\/index.php?rest_route=\/wp\/v2\/users\/1"}],"replies":[{"embeddable":true,"href":"https:\/\/aytocastillodelocubin.org\/index.php?rest_route=%2Fwp%2Fv2%2Fcomments&post=753"}],"version-history":[{"count":6,"href":"https:\/\/aytocastillodelocubin.org\/index.php?rest_route=\/wp\/v2\/pages\/753\/revisions"}],"predecessor-version":[{"id":1155,"href":"https:\/\/aytocastillodelocubin.org\/index.php?rest_route=\/wp\/v2\/pages\/753\/revisions\/1155"}],"wp:attachment":[{"href":"https:\/\/aytocastillodelocubin.org\/index.php?rest_route=%2Fwp%2Fv2%2Fmedia&parent=753"}],"curies":[{"name":"wp","href":"https:\/\/api.w.org\/{rel}","templated":true}]}}