{"id":756,"date":"2017-07-10T07:18:54","date_gmt":"2017-07-10T07:18:54","guid":{"rendered":"http:\/\/aytocastillodelocubin.org\/?page_id=756"},"modified":"2017-07-11T11:24:26","modified_gmt":"2017-07-11T11:24:26","slug":"chopos","status":"publish","type":"page","link":"https:\/\/aytocastillodelocubin.org\/?page_id=756","title":{"rendered":"Chopos"},"content":{"rendered":"<p class=\"mg-sm text-justify\" align=\"justify\">A 943m. de altitud se encuentra esta pedan\u00eda de unos 50 habitantes, que se dedican a la agricultura y a la ganader\u00eda. Vecino ilustre de Los Chopos es el \u00abSanto Manuel\u00bb, que naci\u00f3 en esta pedan\u00eda el 27 de mayo de 1912 y que muri\u00f3 el 14 de octubre de 1983, siendo enterrado en Ventas del Carrizal. Celebran sus <a href=\"https:\/\/aytocastillodelocubin.org\/?page_id=871\">fiestas<\/a> el 13 de mayo.<\/p>\n","protected":false},"excerpt":{"rendered":"<p>A 943m. de altitud se encuentra esta pedan\u00eda de unos 50 habitantes, que se dedican a la agricultura y a la ganader\u00eda. Vecino ilustre de Los Chopos es el \u00abSanto Manuel\u00bb, que naci\u00f3 en esta pedan\u00eda el 27 de mayo de 1912 y que muri\u00f3 el 14 de octubre de 1983, siendo enterrado en Ventas [&hellip;]<\/p>\n","protected":false},"author":1,"featured_media":0,"parent":0,"menu_order":0,"comment_status":"closed","ping_status":"closed","template":"","meta":{"footnotes":""},"_links":{"self":[{"href":"https:\/\/aytocastillodelocubin.org\/index.php?rest_route=\/wp\/v2\/pages\/756"}],"collection":[{"href":"https:\/\/aytocastillodelocubin.org\/index.php?rest_route=\/wp\/v2\/pages"}],"about":[{"href":"https:\/\/aytocastillodelocubin.org\/index.php?rest_route=\/wp\/v2\/types\/page"}],"author":[{"embeddable":true,"href":"https:\/\/aytocastillodelocubin.org\/index.php?rest_route=\/wp\/v2\/users\/1"}],"replies":[{"embeddable":true,"href":"https:\/\/aytocastillodelocubin.org\/index.php?rest_route=%2Fwp%2Fv2%2Fcomments&post=756"}],"version-history":[{"count":4,"href":"https:\/\/aytocastillodelocubin.org\/index.php?rest_route=\/wp\/v2\/pages\/756\/revisions"}],"predecessor-version":[{"id":935,"href":"https:\/\/aytocastillodelocubin.org\/index.php?rest_route=\/wp\/v2\/pages\/756\/revisions\/935"}],"wp:attachment":[{"href":"https:\/\/aytocastillodelocubin.org\/index.php?rest_route=%2Fwp%2Fv2%2Fmedia&parent=756"}],"curies":[{"name":"wp","href":"https:\/\/api.w.org\/{rel}","templated":true}]}}