{"id":854,"date":"2017-07-11T07:32:19","date_gmt":"2017-07-11T07:32:19","guid":{"rendered":"http:\/\/aytocastillodelocubin.org\/?page_id=854"},"modified":"2017-10-05T11:30:17","modified_gmt":"2017-10-05T11:30:17","slug":"romeria-de-hoyo-piedra","status":"publish","type":"page","link":"https:\/\/aytocastillodelocubin.org\/?page_id=854","title":{"rendered":"Romer\u00eda en honor a la Virgen de la Cabeza"},"content":{"rendered":"<p class=\"mg-sm text-justify\" align=\"justify\">El primer fin de semana de agosto se celebra en honor a la Virgen de la Cabeza, una peque\u00f1a romer\u00eda en la pedan\u00eda de \u201c<a href=\"https:\/\/aytocastillodelocubin.org\/?page_id=753\">Hoyo de Piedra<\/a>\u201d, en la cual hay una peque\u00f1a ermita de la Sant\u00edsima Virgen de la Cabeza. En ese fin de semana, se realizan multitudes de actividades tanto para ni\u00f1os como adultos, como por ejemplo, juego al tute, canicas, chapas, etc. Por la tarde, se celebra una misa en honor a la Virgen y tras ello, se procede al desfile procesional con la venerada imagen, acompa\u00f1ada por la Agrupaci\u00f3n Musical. (hace unos a\u00f1os, se realizaba por la ma\u00f1ana.)<\/p>\n","protected":false},"excerpt":{"rendered":"<p>El primer fin de semana de agosto se celebra en honor a la Virgen de la Cabeza, una peque\u00f1a romer\u00eda en la pedan\u00eda de \u201cHoyo de Piedra\u201d, en la cual hay una peque\u00f1a ermita de la Sant\u00edsima Virgen de la Cabeza. En ese fin de semana, se realizan multitudes de actividades tanto para ni\u00f1os como [&hellip;]<\/p>\n","protected":false},"author":1,"featured_media":0,"parent":0,"menu_order":0,"comment_status":"closed","ping_status":"closed","template":"","meta":{"footnotes":""},"_links":{"self":[{"href":"https:\/\/aytocastillodelocubin.org\/index.php?rest_route=\/wp\/v2\/pages\/854"}],"collection":[{"href":"https:\/\/aytocastillodelocubin.org\/index.php?rest_route=\/wp\/v2\/pages"}],"about":[{"href":"https:\/\/aytocastillodelocubin.org\/index.php?rest_route=\/wp\/v2\/types\/page"}],"author":[{"embeddable":true,"href":"https:\/\/aytocastillodelocubin.org\/index.php?rest_route=\/wp\/v2\/users\/1"}],"replies":[{"embeddable":true,"href":"https:\/\/aytocastillodelocubin.org\/index.php?rest_route=%2Fwp%2Fv2%2Fcomments&post=854"}],"version-history":[{"count":9,"href":"https:\/\/aytocastillodelocubin.org\/index.php?rest_route=\/wp\/v2\/pages\/854\/revisions"}],"predecessor-version":[{"id":1894,"href":"https:\/\/aytocastillodelocubin.org\/index.php?rest_route=\/wp\/v2\/pages\/854\/revisions\/1894"}],"wp:attachment":[{"href":"https:\/\/aytocastillodelocubin.org\/index.php?rest_route=%2Fwp%2Fv2%2Fmedia&parent=854"}],"curies":[{"name":"wp","href":"https:\/\/api.w.org\/{rel}","templated":true}]}}