{"id":8568,"date":"2021-07-15T11:26:32","date_gmt":"2021-07-15T11:26:32","guid":{"rendered":"http:\/\/aytocastillodelocubin.org\/?page_id=8568"},"modified":"2022-02-01T12:16:38","modified_gmt":"2022-02-01T12:16:38","slug":"modificaciones-presupuestarias","status":"publish","type":"page","link":"https:\/\/aytocastillodelocubin.org\/?page_id=8568","title":{"rendered":"Modificaciones Presupuestarias 2021"},"content":{"rendered":"<table style=\"border-collapse: collapse; width: 100.606%;\">\n<tbody>\n<tr>\n<td style=\"width: 101.088%; text-align: center;\" colspan=\"6\"><strong><span style=\"color: #993366;\">CREDITO EXTRAORDINARIO Y SUPLEMENTO DE CREDITO N\u00ba 1\/2021<\/span><\/strong><\/td>\n<\/tr>\n<tr>\n<td style=\"width: 90.5462%;\" colspan=\"5\">Providencia de Alcald\u00eda e Informe de Intervenci\u00f3n<\/td>\n<td style=\"width: 9.33735%;\"><a href=\"https:\/\/aytocastillodelocubin.org\/wp-content\/uploads\/2021\/07\/CREDITO-EXTRAORDINARIO-Y-SUPLEMENTO-DE-CREDITO-No-1-2021.pdf\" target=\"_blank\" rel=\"noopener noreferrer\"><img loading=\"lazy\" decoding=\"async\" class=\"size-full wp-image-8593 aligncenter\" src=\"https:\/\/aytocastillodelocubin.org\/wp-content\/uploads\/2021\/07\/imagen_pdf.gif\" alt=\"\" width=\"32\" height=\"32\" \/><\/a><\/td>\n<\/tr>\n<tr>\n<td style=\"width: 90.5462%;\" colspan=\"5\">Publicaci\u00f3n provisional<\/td>\n<td style=\"width: 9.33735%;\"><a href=\"https:\/\/aytocastillodelocubin.org\/wp-content\/uploads\/2022\/02\/BOP-2021-3415-AAPROBACION-INICIAL.pdf\" target=\"_blank\" rel=\"noopener noreferrer\"><img loading=\"lazy\" decoding=\"async\" class=\"size-full wp-image-8593 aligncenter\" src=\"https:\/\/aytocastillodelocubin.org\/wp-content\/uploads\/2021\/07\/imagen_pdf.gif\" alt=\"\" width=\"32\" height=\"32\" \/><\/a><\/td>\n<\/tr>\n<tr>\n<td style=\"width: 90.5462%;\" colspan=\"5\">Publicaci\u00f3n definitiva<\/td>\n<td style=\"width: 9.33735%;\"><a href=\"https:\/\/aytocastillodelocubin.org\/wp-content\/uploads\/2022\/02\/BOP-2021-4076-APROBACION-FINAL.pdf\" target=\"_blank\" rel=\"noopener noreferrer\"><img loading=\"lazy\" decoding=\"async\" class=\"size-full wp-image-8593 aligncenter\" src=\"https:\/\/aytocastillodelocubin.org\/wp-content\/uploads\/2021\/07\/imagen_pdf.gif\" alt=\"\" width=\"32\" height=\"32\" \/><\/a><\/td>\n<\/tr>\n<\/tbody>\n<\/table>\n<table style=\"border-collapse: collapse; width: 100.606%;\">\n<tbody>\n<tr>\n<td style=\"width: 101.088%; text-align: center;\" colspan=\"6\"><strong><span style=\"color: #993366;\">CR\u00c9DITO EXTRAORDINARIO Y SUPLEMENTO DE CREDITO N\u00ba 2\/2021<\/span><\/strong><\/td>\n<\/tr>\n<tr>\n<td style=\"width: 90.5462%;\" colspan=\"5\">Providencia de Alcald\u00eda e Informe de Intervenci\u00f3n<\/td>\n<td style=\"width: 9.33735%;\"><a href=\"https:\/\/aytocastillodelocubin.org\/wp-content\/uploads\/2021\/10\/Expediente-Modificacion-por-SUPLEMENTOS-DE-CREDITO-FINANCIADO-CON-REMANENTE-TESORERIA-no-2MF.pdf\" target=\"_blank\" rel=\"noopener noreferrer\"><img loading=\"lazy\" decoding=\"async\" class=\"size-full wp-image-8593 aligncenter\" src=\"https:\/\/aytocastillodelocubin.org\/wp-content\/uploads\/2021\/07\/imagen_pdf.gif\" alt=\"\" width=\"32\" height=\"32\" \/><\/a><\/td>\n<\/tr>\n<tr>\n<td style=\"width: 90.5462%;\" colspan=\"5\">Publicaci\u00f3n provisional<\/td>\n<td style=\"width: 9.33735%;\"><a href=\"https:\/\/aytocastillodelocubin.org\/wp-content\/uploads\/2022\/02\/BOP-APROBACION-INICIAL-SUPLEMENTO-DE-CREDITO-2.pdf\" target=\"_blank\" rel=\"noopener noreferrer\"><img loading=\"lazy\" decoding=\"async\" class=\"size-full wp-image-8593 aligncenter\" src=\"https:\/\/aytocastillodelocubin.org\/wp-content\/uploads\/2021\/07\/imagen_pdf.gif\" alt=\"\" width=\"32\" height=\"32\" \/><\/a><\/td>\n<\/tr>\n<tr>\n<td style=\"width: 90.5462%;\" colspan=\"5\">Publicaci\u00f3n definitiva<\/td>\n<td style=\"width: 9.33735%;\"><a href=\"https:\/\/aytocastillodelocubin.org\/wp-content\/uploads\/2022\/02\/BOP-APROBACION-DEFINITIVA-SUPLEMENTO-DE-CREDITO-2.pdf\" target=\"_blank\" rel=\"noopener noreferrer\"><img loading=\"lazy\" decoding=\"async\" class=\"size-full wp-image-8593 aligncenter\" src=\"https:\/\/aytocastillodelocubin.org\/wp-content\/uploads\/2021\/07\/imagen_pdf.gif\" alt=\"\" width=\"32\" height=\"32\" \/><\/a><\/td>\n<\/tr>\n<\/tbody>\n<\/table>\n<table style=\"border-collapse: collapse; width: 100.606%;\">\n<tbody>\n<tr>\n<td style=\"width: 101.088%; text-align: center;\" colspan=\"6\"><strong><span style=\"color: #993366;\">CR\u00c9DITO EXTRAORDINARIO Y SUPLEMENTO DE CR\u00c9DITO N\u00ba 3\/2021<\/span><\/strong><\/td>\n<\/tr>\n<tr>\n<td style=\"width: 90.5462%;\" colspan=\"5\">Providencia de Alcald\u00eda e Informe de Intervenci\u00f3n<\/td>\n<td style=\"width: 9.33735%;\"><a href=\"https:\/\/aytocastillodelocubin.org\/wp-content\/uploads\/2021\/10\/RECONOCIMIENTO-EXTRAJUDICIAL-N3.pdf\" target=\"_blank\" rel=\"noopener noreferrer\"><img loading=\"lazy\" decoding=\"async\" class=\"size-full wp-image-8593 aligncenter\" src=\"https:\/\/aytocastillodelocubin.org\/wp-content\/uploads\/2021\/07\/imagen_pdf.gif\" alt=\"\" width=\"32\" height=\"32\" \/><\/a><\/td>\n<\/tr>\n<tr>\n<td style=\"width: 90.5462%;\" colspan=\"5\">Publicaci\u00f3n provisional<\/td>\n<td style=\"width: 9.33735%;\"><a href=\"https:\/\/aytocastillodelocubin.org\/wp-content\/uploads\/2022\/02\/BOP-APROBACION-INICIAL-SUPLEMENTO-DE-CREDITO-3.pdf\" target=\"_blank\" rel=\"noopener noreferrer\"><img loading=\"lazy\" decoding=\"async\" class=\"size-full wp-image-8593 aligncenter\" src=\"https:\/\/aytocastillodelocubin.org\/wp-content\/uploads\/2021\/07\/imagen_pdf.gif\" alt=\"\" width=\"32\" height=\"32\" \/><\/a><\/td>\n<\/tr>\n<tr>\n<td style=\"width: 90.5462%;\" colspan=\"5\">Publicaci\u00f3n definitiva<\/td>\n<td style=\"width: 9.33735%;\"><a href=\"https:\/\/aytocastillodelocubin.org\/wp-content\/uploads\/2022\/02\/BOP-APROBACION-DEFINITICA-SUPLEMENTO-DE-CREDITO-3.pdf\" target=\"_blank\" rel=\"noopener noreferrer\"><img loading=\"lazy\" decoding=\"async\" class=\"size-full wp-image-8593 aligncenter\" src=\"https:\/\/aytocastillodelocubin.org\/wp-content\/uploads\/2021\/07\/imagen_pdf.gif\" alt=\"\" width=\"32\" height=\"32\" \/><\/a><\/td>\n<\/tr>\n<\/tbody>\n<\/table>\n<table style=\"border-collapse: collapse; width: 100.606%;\">\n<tbody>\n<tr>\n<td style=\"width: 101.088%; text-align: center;\" colspan=\"6\"><strong><span style=\"color: #993366;\">CR\u00c9DITO EXTRAORDINARIO Y SUPLEMENTO DE CR\u00c9DITO N\u00ba 4 \/2021<\/span><\/strong><\/td>\n<\/tr>\n<tr>\n<td style=\"width: 90.5462%;\" colspan=\"5\">Providencia de Alcald\u00eda e Informe de Intervenci\u00f3n<\/td>\n<td style=\"width: 9.33735%;\"><a href=\"https:\/\/aytocastillodelocubin.org\/wp-content\/uploads\/2021\/12\/SUPLEMENTO-DE-CREDITO-No-4-2021.pdf\" target=\"_blank\" rel=\"noopener noreferrer\"><img loading=\"lazy\" decoding=\"async\" class=\"size-full wp-image-8593 aligncenter\" src=\"https:\/\/aytocastillodelocubin.org\/wp-content\/uploads\/2021\/07\/imagen_pdf.gif\" alt=\"\" width=\"32\" height=\"32\" \/><\/a><\/td>\n<\/tr>\n<tr>\n<td style=\"width: 90.5462%;\" colspan=\"5\">Publicaci\u00f3n provisional<\/td>\n<td style=\"width: 9.33735%;\"><a href=\"https:\/\/aytocastillodelocubin.org\/wp-content\/uploads\/2022\/02\/APROBACION-INICIAL-No-4-2021.pdf\" target=\"_blank\" rel=\"noopener noreferrer\"><img loading=\"lazy\" decoding=\"async\" class=\"size-full wp-image-8593 aligncenter\" src=\"https:\/\/aytocastillodelocubin.org\/wp-content\/uploads\/2021\/07\/imagen_pdf.gif\" alt=\"\" width=\"32\" height=\"32\" \/><\/a><\/td>\n<\/tr>\n<tr>\n<td style=\"width: 90.5462%;\" colspan=\"5\">Publicaci\u00f3n definitiva<\/td>\n<td style=\"width: 9.33735%;\"><a href=\"https:\/\/aytocastillodelocubin.org\/wp-content\/uploads\/2022\/02\/APROBACION-DEFINITVA-MODIFICACION-CREDITO-4-2021.pdf\" target=\"_blank\" rel=\"noopener noreferrer\"><img loading=\"lazy\" decoding=\"async\" class=\"size-full wp-image-8593 aligncenter\" src=\"https:\/\/aytocastillodelocubin.org\/wp-content\/uploads\/2021\/07\/imagen_pdf.gif\" alt=\"\" width=\"32\" height=\"32\" \/><\/a><\/td>\n<\/tr>\n<\/tbody>\n<\/table>\n<table style=\"border-collapse: collapse; width: 100.606%;\">\n<tbody>\n<tr>\n<td style=\"width: 101.088%; text-align: center;\" colspan=\"6\"><strong><span style=\"color: #993366;\">CR\u00c9DITO EXTRAORDINARIO Y SUPLEMENTO DE CR\u00c9DITO N\u00ba 5\/2021<\/span><\/strong><\/td>\n<\/tr>\n<tr>\n<td style=\"width: 90.5462%;\" colspan=\"5\">Providencia de Alcald\u00eda e Informe de Intervenci\u00f3n<\/td>\n<td style=\"width: 9.33735%;\"><a href=\"https:\/\/aytocastillodelocubin.org\/wp-content\/uploads\/2021\/12\/SUPLEMENTO-DE-CREDITO-No-5.pdf\" target=\"_blank\" rel=\"noopener noreferrer\"><img loading=\"lazy\" decoding=\"async\" class=\"size-full wp-image-8593 aligncenter\" src=\"https:\/\/aytocastillodelocubin.org\/wp-content\/uploads\/2021\/07\/imagen_pdf.gif\" alt=\"\" width=\"32\" height=\"32\" \/><\/a><\/td>\n<\/tr>\n<tr>\n<td style=\"width: 90.5462%;\" colspan=\"5\">Publicaci\u00f3n provisional<\/td>\n<td style=\"width: 9.33735%;\"><a href=\"https:\/\/aytocastillodelocubin.org\/wp-content\/uploads\/2022\/02\/APROBACION-INICIAL-No-5-2021.pdf\" target=\"_blank\" rel=\"noopener noreferrer\"><img loading=\"lazy\" decoding=\"async\" class=\"size-full wp-image-8593 aligncenter\" src=\"https:\/\/aytocastillodelocubin.org\/wp-content\/uploads\/2021\/07\/imagen_pdf.gif\" alt=\"\" width=\"32\" height=\"32\" \/><\/a><\/td>\n<\/tr>\n<tr>\n<td style=\"width: 90.5462%;\" colspan=\"5\">Publicaci\u00f3n definitiva<\/td>\n<td style=\"width: 9.33735%;\"><a href=\"https:\/\/aytocastillodelocubin.org\/wp-content\/uploads\/2022\/02\/APROBACION-DEFINITIVA-CREDITO-No-5-2021.pdf\" target=\"_blank\" rel=\"noopener noreferrer\"><img loading=\"lazy\" decoding=\"async\" class=\"size-full wp-image-8593 aligncenter\" src=\"https:\/\/aytocastillodelocubin.org\/wp-content\/uploads\/2021\/07\/imagen_pdf.gif\" alt=\"\" width=\"32\" height=\"32\" \/><\/a><\/td>\n<\/tr>\n<\/tbody>\n<\/table>\n","protected":false},"excerpt":{"rendered":"<p>CREDITO EXTRAORDINARIO Y SUPLEMENTO DE CREDITO N\u00ba 1\/2021 Providencia de Alcald\u00eda e Informe de Intervenci\u00f3n Publicaci\u00f3n provisional Publicaci\u00f3n definitiva CR\u00c9DITO EXTRAORDINARIO Y SUPLEMENTO DE CREDITO N\u00ba 2\/2021 Providencia de Alcald\u00eda e Informe de Intervenci\u00f3n Publicaci\u00f3n provisional Publicaci\u00f3n definitiva CR\u00c9DITO EXTRAORDINARIO Y SUPLEMENTO DE CR\u00c9DITO N\u00ba 3\/2021 Providencia de Alcald\u00eda e Informe de Intervenci\u00f3n Publicaci\u00f3n provisional [&hellip;]<\/p>\n","protected":false},"author":5,"featured_media":0,"parent":0,"menu_order":0,"comment_status":"closed","ping_status":"closed","template":"","meta":{"footnotes":""},"_links":{"self":[{"href":"https:\/\/aytocastillodelocubin.org\/index.php?rest_route=\/wp\/v2\/pages\/8568"}],"collection":[{"href":"https:\/\/aytocastillodelocubin.org\/index.php?rest_route=\/wp\/v2\/pages"}],"about":[{"href":"https:\/\/aytocastillodelocubin.org\/index.php?rest_route=\/wp\/v2\/types\/page"}],"author":[{"embeddable":true,"href":"https:\/\/aytocastillodelocubin.org\/index.php?rest_route=\/wp\/v2\/users\/5"}],"replies":[{"embeddable":true,"href":"https:\/\/aytocastillodelocubin.org\/index.php?rest_route=%2Fwp%2Fv2%2Fcomments&post=8568"}],"version-history":[{"count":14,"href":"https:\/\/aytocastillodelocubin.org\/index.php?rest_route=\/wp\/v2\/pages\/8568\/revisions"}],"predecessor-version":[{"id":9215,"href":"https:\/\/aytocastillodelocubin.org\/index.php?rest_route=\/wp\/v2\/pages\/8568\/revisions\/9215"}],"wp:attachment":[{"href":"https:\/\/aytocastillodelocubin.org\/index.php?rest_route=%2Fwp%2Fv2%2Fmedia&parent=8568"}],"curies":[{"name":"wp","href":"https:\/\/api.w.org\/{rel}","templated":true}]}}