{"id":874,"date":"2017-07-11T07:36:28","date_gmt":"2017-07-11T07:36:28","guid":{"rendered":"http:\/\/aytocastillodelocubin.org\/?page_id=874"},"modified":"2017-10-16T07:32:34","modified_gmt":"2017-10-16T07:32:34","slug":"verbena-del-carmen","status":"publish","type":"page","link":"https:\/\/aytocastillodelocubin.org\/?page_id=874","title":{"rendered":"Verbena del Carmen"},"content":{"rendered":"<p class=\"mg-sm text-justify\" align=\"justify\">La verbena del Carmen se celebra el d\u00eda 16 de julio en la Plaza del Carmen, en honor de la Virgen del mismo nombre, en la que era tradici\u00f3n tomar un ponche con tropezones de fruta.<\/p>\n<p class=\"mg-sm text-justify\" align=\"justify\">Esta singular fiesta se volvi\u00f3 a recuperar el 16 de julio de 1970, despu\u00e9s de cerca de 40 a\u00f1os suspendida a causa de una ri\u00f1a que aconteci\u00f3 en los a\u00f1os treinta. Desde tiempos antiguos, esta verbena ven\u00eda celebr\u00e1ndose en la \u201cEra\u201d.<\/p>\n<p class=\"mg-sm text-justify\" align=\"justify\">Fue aquel a\u00f1o de 1970 cuando una comisi\u00f3n de vecinos propuso a las autoridades municipales y, en particular, a D. Jos\u00e9 Morales Castillo, entonces alcalde de Castillo de Locub\u00edn , la autorizaci\u00f3n oportuna para poder volver a celebrar la antigua verbena de la Virgen del Carmen. En esa ocasi\u00f3n, los vecinos adornaron esplendorosamente la plaza o \u201cEra\u201d, con bombillas de colores, farolillos, guirnaldas, macetas&#8230; Destacable fue la actuaci\u00f3n del grupo musical \u201cLos Aspes\u201d.<\/p>\n<p class=\"mg-sm text-justify\" align=\"justify\">La inauguraci\u00f3n de la fiesta corri\u00f3 a cargo del alcalde, dando comienzo el baile que dur\u00f3 hasta altas horas de la madrugada. \u201cEn un \u00e1ngulo de la plaza, un cuadro de la Virgen del Carmen, instalado en su antigua hornacina, y muy adornado de flores y luces, presid\u00eda el festival que transcurri\u00f3 dentro de una sana alegr\u00eda y que ha sido muy bien acogido por el vecindario&#8230;.\u201d<\/p>\n<p class=\"mg-sm text-justify\" align=\"justify\">A d\u00eda de hoy, se contin\u00faa con la celebraci\u00f3n de esta tradicional verbena.<\/p>\n<p align=\"justify\">\t\t\t\t\t\t<div class=\"gallery_box_single\">\n\t\t\t\t\t\t\t\t\t\t\t\t\t\t\t<div class=\"gallery gllr_grid\" data-gllr-columns=\"6\" data-gllr-border-width=\"10\">\n\t\t\t\t\t\t\t\t\t\t\t\t\t\t\t\t\t\t\t\t<div class=\"gllr_image_row\">\n\t\t\t\t\t\t\t\t\t\t\t\t\t\t\t\t\t\t\t\t\t<div class=\"gllr_image_block\">\n\t\t\t\t\t\t\t\t\t\t\t\t<p style=\"\n\t\t\t\t\t\t\t\t\t\t\t\twidth:150px;height:150px;\t\t\t\t\t\t\t\t\t\t\t\t\">\n\t\t\t\t\t\t\t\t\t\t\t\t\t\t\t\t\t\t\t\t\t\t\t\t\t\t\t\t<a data-fancybox=\"gallery_fancybox_2407\" href=\"https:\/\/aytocastillodelocubin.org\/wp-content\/uploads\/2017\/10\/VIRGEN-CARMEN-2016-1024x724.jpg\" title=\"Verbena Virgen del Carmen 2016\" >\n\t\t\t\t\t\t\t\t\t\t\t\t\t\t\t\t<img loading=\"lazy\" decoding=\"async\" width=\"150\" height=\"150\" style=\"width:150px; height:150px; \" alt=\"\" title=\"Verbena Virgen del Carmen 2016\" src=\"https:\/\/aytocastillodelocubin.org\/wp-content\/uploads\/2017\/10\/VIRGEN-CARMEN-2016-150x150.jpg\" rel=\"https:\/\/aytocastillodelocubin.org\/wp-content\/uploads\/2017\/10\/VIRGEN-CARMEN-2016.jpg\" \/>\t\t\t\t\t\t\t\t\t\t\t\t\t\t\t<\/a>\n\t\t\t\t\t\t\t\t\t\t\t\t\t\t\t\t\t\t\t\t\t\t\t\t\t\t<\/p>\n\t\t\t\t\t\t\t\t\t\t\t\t\t\t\t\t\t\t\t\t\t\t\t\t\t<div \n\t\t\t\t\t\t\t\t\t\t\t\t\tstyle=\"width:150px;\"\t\t\t\t\t\t\t\t\t\t\t\t\tclass=\"gllr_single_image_text gllr_single_image_text_under\">Verbena Virgen del Carmen 2016&nbsp;<\/div>\n\t\t\t\t\t\t\t\t\t\t\t\t\t\t\t\t\t\t\t\t\t\t\t<\/div><!-- .gllr_image_block -->\n\t\t\t\t\t\t\t\t\t\t\t\t\t\t\t\t\t\t\t\t\t<div class=\"gllr_image_block\">\n\t\t\t\t\t\t\t\t\t\t\t\t<p style=\"\n\t\t\t\t\t\t\t\t\t\t\t\twidth:150px;height:150px;\t\t\t\t\t\t\t\t\t\t\t\t\">\n\t\t\t\t\t\t\t\t\t\t\t\t\t\t\t\t\t\t\t\t\t\t\t\t\t\t\t\t<a data-fancybox=\"gallery_fancybox_2407\" href=\"https:\/\/aytocastillodelocubin.org\/wp-content\/uploads\/2017\/10\/PLAZA-2017-768x1024.jpg\" title=\"Verbena Virgen del Carmen 2017\" >\n\t\t\t\t\t\t\t\t\t\t\t\t\t\t\t\t<img loading=\"lazy\" decoding=\"async\" width=\"150\" height=\"150\" style=\"width:150px; height:150px; \" alt=\"\" title=\"Verbena Virgen del Carmen 2017\" src=\"https:\/\/aytocastillodelocubin.org\/wp-content\/uploads\/2017\/10\/PLAZA-2017-150x150.jpg\" rel=\"https:\/\/aytocastillodelocubin.org\/wp-content\/uploads\/2017\/10\/PLAZA-2017.jpg\" \/>\t\t\t\t\t\t\t\t\t\t\t\t\t\t\t<\/a>\n\t\t\t\t\t\t\t\t\t\t\t\t\t\t\t\t\t\t\t\t\t\t\t\t\t\t<\/p>\n\t\t\t\t\t\t\t\t\t\t\t\t\t\t\t\t\t\t\t\t\t\t\t\t\t<div \n\t\t\t\t\t\t\t\t\t\t\t\t\tstyle=\"width:150px;\"\t\t\t\t\t\t\t\t\t\t\t\t\tclass=\"gllr_single_image_text gllr_single_image_text_under\">Verbena Virgen del Carmen 2017&nbsp;<\/div>\n\t\t\t\t\t\t\t\t\t\t\t\t\t\t\t\t\t\t\t\t\t\t\t<\/div><!-- .gllr_image_block -->\n\t\t\t\t\t\t\t\t\t\t\t\t\t\t\t\t\t\t\t\t\t<div class=\"clear\"><\/div>\n\t\t\t\t\t\t\t\t\t\t<\/div><!-- .gllr_image_row -->\n\t\t\t\t\t\t\t\t\t\t\t\t\t\t\t\t\t<\/div><!-- .gallery.clearfix -->\n\t\t\t\t\t\t\t\t\t\t\t\t\t\t<\/div><!-- .gallery_box_single -->\n\t\t\t\t\t\t<div class=\"gllr_clear\"><\/div>\n\t\t\t\t\t\t\n","protected":false},"excerpt":{"rendered":"<p>La verbena del Carmen se celebra el d\u00eda 16 de julio en la Plaza del Carmen, en honor de la Virgen del mismo nombre, en la que era tradici\u00f3n tomar un ponche con tropezones de fruta. Esta singular fiesta se volvi\u00f3 a recuperar el 16 de julio de 1970, despu\u00e9s de cerca de 40 a\u00f1os [&hellip;]<\/p>\n","protected":false},"author":1,"featured_media":0,"parent":0,"menu_order":0,"comment_status":"closed","ping_status":"closed","template":"","meta":{"footnotes":""},"_links":{"self":[{"href":"https:\/\/aytocastillodelocubin.org\/index.php?rest_route=\/wp\/v2\/pages\/874"}],"collection":[{"href":"https:\/\/aytocastillodelocubin.org\/index.php?rest_route=\/wp\/v2\/pages"}],"about":[{"href":"https:\/\/aytocastillodelocubin.org\/index.php?rest_route=\/wp\/v2\/types\/page"}],"author":[{"embeddable":true,"href":"https:\/\/aytocastillodelocubin.org\/index.php?rest_route=\/wp\/v2\/users\/1"}],"replies":[{"embeddable":true,"href":"https:\/\/aytocastillodelocubin.org\/index.php?rest_route=%2Fwp%2Fv2%2Fcomments&post=874"}],"version-history":[{"count":8,"href":"https:\/\/aytocastillodelocubin.org\/index.php?rest_route=\/wp\/v2\/pages\/874\/revisions"}],"predecessor-version":[{"id":899,"href":"https:\/\/aytocastillodelocubin.org\/index.php?rest_route=\/wp\/v2\/pages\/874\/revisions\/899"}],"wp:attachment":[{"href":"https:\/\/aytocastillodelocubin.org\/index.php?rest_route=%2Fwp%2Fv2%2Fmedia&parent=874"}],"curies":[{"name":"wp","href":"https:\/\/api.w.org\/{rel}","templated":true}]}}