{"id":9081,"date":"2022-01-07T12:43:29","date_gmt":"2022-01-07T12:43:29","guid":{"rendered":"http:\/\/aytocastillodelocubin.org\/?page_id=9081"},"modified":"2025-04-14T11:47:26","modified_gmt":"2025-04-14T11:47:26","slug":"aula-mentor","status":"publish","type":"page","link":"https:\/\/aytocastillodelocubin.org\/?page_id=9081","title":{"rendered":"Aula Mentor"},"content":{"rendered":"<p style=\"text-align: justify;\"><strong>Aula Mentor<\/strong> es un sistema de Formaci\u00f3n Abierta, Libre y a trav\u00e9s de Internet promovido por el Ministerio de Educaci\u00f3n y Formaci\u00f3n Profesional de Espa\u00f1a.<\/p>\n<p style=\"text-align: justify;\">El\u00a0<strong>Ayuntamiento de Castillo de Locubin<\/strong> tiene un convenio de colaboraci\u00f3n con el Ministerio de Educaci\u00f3n y Formaci\u00f3n Profesional por el que ofrece los cursos del Aula Mentor.<\/p>\n<p style=\"text-align: justify;\">Los <strong>Objetivos de Aula Mentor<\/strong> se centran en proporcionar una alternativa en materia de formaci\u00f3n a la poblaci\u00f3n adulta que no tiene oportunidad de asistir a la oferta presencial y cuyo ritmo de aprendizaje y\/o dedicaci\u00f3n requiere un sistema totalmente flexible no sujeto ni a horarios ni a plazos de ning\u00fan tipo.<\/p>\n<p style=\"text-align: justify;\">Puede consultar\u00a0<a href=\"https:\/\/aulamentor.es\/wp-content\/uploads\/2025\/03\/MZO_25-Catalogo_AM-con-coodigos.pdf\" target=\"_blank\" rel=\"noopener noreferrer\"><strong>AQU\u00cd<\/strong><\/a>\u00a0el cat\u00e1logo de cursos disponibles.<\/p>\n<p style=\"text-align: justify;\">La oferta formativa se materializa en un conjunto de cursos en permanente actualizaci\u00f3n, organizados en \u00e1reas formativas y que han sido dise\u00f1ados y\/o adaptados especialmente para las caracter\u00edsticas de los potenciales destinatarios\/as y de la modalidad de ense\u00f1anza.<\/p>\n<p style=\"text-align: justify;\">Entre las principales se\u00f1as de identidad de esta iniciativa destacan:<\/p>\n<p style=\"text-align: justify;\">\u2013 La flexibilidad del sistema que beneficia a todos los participantes.<br \/>\n\u2013 La red de infraestructuras f\u00edsicas denominadas aulas Mentor que supera actualmente las 450 y al frente de las cuales se encuentra un administrador que asesora, orienta, informa y matricula al alumno.<br \/>\n\u2013 La variedad de su oferta formativa. Superior a los 170 cursos y en permanente crecimiento y actualizaci\u00f3n.<br \/>\n\u2013 La existencia de ex\u00e1menes presenciales que permiten valorar el grado de aprovechamiento del curso, garantizando a su vez la identidad del alumno que realiza la prueba. Superar esta prueba da derecho a un certificado de aprovechamiento emitido por el Ministerio de Educaci\u00f3n. Es importante destacar que este certificado\u00a0NO\u00a0es un t\u00edtulo oficial y por lo tanto su reconocimiento es responsabilidad de la instituci\u00f3n u organismo en el que se pueda presentar como m\u00e9rito.<\/p>\n<p style=\"text-align: justify;\">Con objeto de dotar a esta iniciativa de un cierto grado de sostenibilidad econ\u00f3mica, Aula Mentor\u00a0NO\u00a0es un sistema gratuito de formaci\u00f3n, pero su reducido coste lo hace accesible a la mayor parte de la poblaci\u00f3n.<\/p>\n<p style=\"text-align: justify;\"><strong>Matriculaci\u00f3n en un Curso<\/strong><\/p>\n<p style=\"text-align: justify;\">No existen plazos ya que la matr\u00edcula est\u00e1 abierta durante todo el a\u00f1o <strong>excepto el mes de agosto<\/strong>. Es muy recomendable conocer el funcionamiento del Aula Mentor as\u00ed como ver los contenidos del curso antes de hacer la matr\u00edcula. Nuestra aula dispone de matriculaci\u00f3n <strong>\u00abOn Line\u00bb<\/strong>, servicio cuya disponibilidad puede consultar previamente a trav\u00e9s del correo electr\u00f3nico del aula (castillodelocubin@aulamentor.es).<\/p>\n<p style=\"text-align: justify;\">El precio del curso es actualmente de 48\u20ac mensuales. La matr\u00edcula inicial es de dos meses (algunos cursos con certificaci\u00f3n de 30 horas o menos, es de un mes y su precio es de 24 \u20ac), recarga 24 \u20ac\/mes. El alumno dispone de dos oportunidades de examen que podr\u00e1 elegir de entre las cinco convocatorias siguientes que se produzcan desde el momento en que ha sido autorizado a examen. Las convocatorias son en febrero, abril, junio, octubre y diciembre. En el caso de no superar la prueba en ninguna de las dos ocasiones disponibles, el alumno deber\u00e1 volver a matricularse con objeto de repasar el temario del curso y con ello tendr\u00e1 de nuevo derecho a dos nuevas oportunidades.<\/p>\n<p style=\"text-align: justify;\">La duraci\u00f3n del curso es variable seg\u00fan la dedicaci\u00f3n y experiencia previa del alumno, pero cada curso tiene una duraci\u00f3n m\u00ednima en funci\u00f3n del n\u00famero de entregas al tutor (consulte el documento de derechos y deberes de los alumnos) . Una vez que el alumno finaliza todas las actividades del curso, previa autorizaci\u00f3n de su tutor, puede presentarse a examen y obtener un certificado de aprovechamiento si lo supera.<\/p>\n<p><a href=\"https:\/\/drive.google.com\/file\/d\/1exos1M2bWiS7wGBnyIpbkstzyJnelaQA\/view\" target=\"_blank\" rel=\"noopener\"><strong>Calendario de ex\u00e1menes 2025<\/strong><\/a><\/p>\n<p style=\"text-align: justify;\"><strong>Derechos y Deberes de los Alumnos<\/strong><\/p>\n<p style=\"text-align: justify;\">La metodolog\u00eda y las normas de funcionamiento que rigen el proceso est\u00e1n recogidas en el documento Derechos y deberes de los alumnos que se puede descargar desde <strong><a href=\"https:\/\/aulamentor.es\/wp-content\/uploads\/2025\/02\/derechos-y-deberes-del-alumno-v3.pdf\" target=\"_blank\" rel=\"noopener noreferrer\">aqu\u00ed<\/a>.<\/strong><\/p>\n<p><strong>Facebook:<\/strong> https:\/\/www.facebook.com\/aulamentorcastillodelocubin<\/p>\n<p><strong>Email:<\/strong> castillodelocubin@aulamentor.es<\/p>\n","protected":false},"excerpt":{"rendered":"<p>Aula Mentor es un sistema de Formaci\u00f3n Abierta, Libre y a trav\u00e9s de Internet promovido por el Ministerio de Educaci\u00f3n y Formaci\u00f3n Profesional de Espa\u00f1a. El\u00a0Ayuntamiento de Castillo de Locubin tiene un convenio de colaboraci\u00f3n con el Ministerio de Educaci\u00f3n y Formaci\u00f3n Profesional por el que ofrece los cursos del Aula Mentor. Los Objetivos de [&hellip;]<\/p>\n","protected":false},"author":5,"featured_media":9084,"parent":0,"menu_order":0,"comment_status":"closed","ping_status":"closed","template":"","meta":{"footnotes":""},"_links":{"self":[{"href":"https:\/\/aytocastillodelocubin.org\/index.php?rest_route=\/wp\/v2\/pages\/9081"}],"collection":[{"href":"https:\/\/aytocastillodelocubin.org\/index.php?rest_route=\/wp\/v2\/pages"}],"about":[{"href":"https:\/\/aytocastillodelocubin.org\/index.php?rest_route=\/wp\/v2\/types\/page"}],"author":[{"embeddable":true,"href":"https:\/\/aytocastillodelocubin.org\/index.php?rest_route=\/wp\/v2\/users\/5"}],"replies":[{"embeddable":true,"href":"https:\/\/aytocastillodelocubin.org\/index.php?rest_route=%2Fwp%2Fv2%2Fcomments&post=9081"}],"version-history":[{"count":36,"href":"https:\/\/aytocastillodelocubin.org\/index.php?rest_route=\/wp\/v2\/pages\/9081\/revisions"}],"predecessor-version":[{"id":13239,"href":"https:\/\/aytocastillodelocubin.org\/index.php?rest_route=\/wp\/v2\/pages\/9081\/revisions\/13239"}],"wp:featuredmedia":[{"embeddable":true,"href":"https:\/\/aytocastillodelocubin.org\/index.php?rest_route=\/wp\/v2\/media\/9084"}],"wp:attachment":[{"href":"https:\/\/aytocastillodelocubin.org\/index.php?rest_route=%2Fwp%2Fv2%2Fmedia&parent=9081"}],"curies":[{"name":"wp","href":"https:\/\/api.w.org\/{rel}","templated":true}]}}